{"id":5,"date":"2013-02-04T11:35:22","date_gmt":"2013-02-04T11:35:22","guid":{"rendered":"https:\/\/ocw.unileon.es\/asignatura\/?page_id=5"},"modified":"2013-03-20T09:23:20","modified_gmt":"2013-03-20T09:23:20","slug":"presentacion","status":"publish","type":"page","link":"https:\/\/ocw.unileon.es\/alimentacion-y-cultura\/","title":{"rendered":"Presentaci\u00f3n"},"content":{"rendered":"<p style=\"text-align: justify;\">Esta materia deber\u00eda llamarse <strong>Antropolog\u00eda de la Alimentaci\u00f3n<\/strong> pues su inter\u00e9s principal se centra una de las actividades b\u00e1sicas del Hombre:la alimentaci\u00f3n,Qu\u00e9 comer ,cuando ,donde ,con qui\u00e9n.Son algunas de las preguntas que el propio sujeto se hace,pues su supervivencia biol\u00f3gica depender\u00e1 de los nutrientes aportados.<\/p>\r\n<p style=\"text-align: justify;\">El medio donde habita,las especies animales y vegetales har\u00e1n que las sociedades se especialicen:recolecci\u00f3n ,caza ,pesca ,son algunas de estas actividades que dar\u00e1n incluso nombre a diversas sociedades.<\/p>\r\n<p style=\"text-align: justify;\">El desarrollo de la agricultura y la ganader\u00eda,igualmente ser\u00e1n referencias para el desarrollo de muchas de nuestras sociedades.<\/p>","protected":false},"excerpt":{"rendered":"<p>Esta materia deber\u00eda llamarse Antropolog\u00eda de la Alimentaci\u00f3n pues su inter\u00e9s principal se centra una de las actividades b\u00e1sicas del Hombre:la alimentaci\u00f3n,Qu\u00e9 comer ,cuando ,donde ,con qui\u00e9n.Son algunas de las preguntas que el propio sujeto se hace,pues su supervivencia biol\u00f3gica depender\u00e1 de los nutrientes aportados. El medio donde habita,las especies animales y vegetales har\u00e1n que [&hellip;]<\/p>\n","protected":false},"author":33,"featured_media":0,"parent":0,"menu_order":0,"comment_status":"closed","ping_status":"closed","template":"","meta":{"footnotes":""},"class_list":["post-5","page","type-page","status-publish","hentry"],"_links":{"self":[{"href":"https:\/\/ocw.unileon.es\/alimentacion-y-cultura\/wp-json\/wp\/v2\/pages\/5","targetHints":{"allow":["GET"]}}],"collection":[{"href":"https:\/\/ocw.unileon.es\/alimentacion-y-cultura\/wp-json\/wp\/v2\/pages"}],"about":[{"href":"https:\/\/ocw.unileon.es\/alimentacion-y-cultura\/wp-json\/wp\/v2\/types\/page"}],"author":[{"embeddable":true,"href":"https:\/\/ocw.unileon.es\/alimentacion-y-cultura\/wp-json\/wp\/v2\/users\/33"}],"replies":[{"embeddable":true,"href":"https:\/\/ocw.unileon.es\/alimentacion-y-cultura\/wp-json\/wp\/v2\/comments?post=5"}],"version-history":[{"count":3,"href":"https:\/\/ocw.unileon.es\/alimentacion-y-cultura\/wp-json\/wp\/v2\/pages\/5\/revisions"}],"predecessor-version":[{"id":25,"href":"https:\/\/ocw.unileon.es\/alimentacion-y-cultura\/wp-json\/wp\/v2\/pages\/5\/revisions\/25"}],"wp:attachment":[{"href":"https:\/\/ocw.unileon.es\/alimentacion-y-cultura\/wp-json\/wp\/v2\/media?parent=5"}],"curies":[{"name":"wp","href":"https:\/\/api.w.org\/{rel}","templated":true}]}}