{"id":13,"date":"2013-02-04T11:36:25","date_gmt":"2013-02-04T11:36:25","guid":{"rendered":"https:\/\/ocw.unileon.es\/asignatura\/?page_id=13"},"modified":"2016-04-18T11:39:42","modified_gmt":"2016-04-18T11:39:42","slug":"guia-de-aprendizaje","status":"publish","type":"page","link":"https:\/\/ocw.unileon.es\/analisis-y-gestion-del-riesgo-de-interes\/guia-de-aprendizaje\/","title":{"rendered":"Gu\u00eda de aprendizaje"},"content":{"rendered":"<a href=\"https:\/\/ocw.unileon.es\/analisis-y-gestion-del-riesgo-de-interes\/wp-content\/uploads\/sites\/49\/2013\/02\/Gu\u00eda-Docente_An\u00e1lisis-y-Gesti\u00f3n-del-Riesgo-de-Inter\u00e9s-1.pdf\">Gu\u00eda Docente_An\u00e1lisis y Gesti\u00f3n del Riesgo de Inter\u00e9s<\/a>","protected":false},"excerpt":{"rendered":"<p>Gu\u00eda Docente_An\u00e1lisis y Gesti\u00f3n del Riesgo de Inter\u00e9s<\/p>\n","protected":false},"author":19,"featured_media":0,"parent":0,"menu_order":0,"comment_status":"closed","ping_status":"closed","template":"","meta":{"footnotes":""},"class_list":["post-13","page","type-page","status-publish","hentry"],"_links":{"self":[{"href":"https:\/\/ocw.unileon.es\/analisis-y-gestion-del-riesgo-de-interes\/wp-json\/wp\/v2\/pages\/13","targetHints":{"allow":["GET"]}}],"collection":[{"href":"https:\/\/ocw.unileon.es\/analisis-y-gestion-del-riesgo-de-interes\/wp-json\/wp\/v2\/pages"}],"about":[{"href":"https:\/\/ocw.unileon.es\/analisis-y-gestion-del-riesgo-de-interes\/wp-json\/wp\/v2\/types\/page"}],"author":[{"embeddable":true,"href":"https:\/\/ocw.unileon.es\/analisis-y-gestion-del-riesgo-de-interes\/wp-json\/wp\/v2\/users\/19"}],"replies":[{"embeddable":true,"href":"https:\/\/ocw.unileon.es\/analisis-y-gestion-del-riesgo-de-interes\/wp-json\/wp\/v2\/comments?post=13"}],"version-history":[{"count":3,"href":"https:\/\/ocw.unileon.es\/analisis-y-gestion-del-riesgo-de-interes\/wp-json\/wp\/v2\/pages\/13\/revisions"}],"predecessor-version":[{"id":41,"href":"https:\/\/ocw.unileon.es\/analisis-y-gestion-del-riesgo-de-interes\/wp-json\/wp\/v2\/pages\/13\/revisions\/41"}],"wp:attachment":[{"href":"https:\/\/ocw.unileon.es\/analisis-y-gestion-del-riesgo-de-interes\/wp-json\/wp\/v2\/media?parent=13"}],"curies":[{"name":"wp","href":"https:\/\/api.w.org\/{rel}","templated":true}]}}