{"id":14,"date":"2013-02-04T11:36:32","date_gmt":"2013-02-04T11:36:32","guid":{"rendered":"https:\/\/ocw.unileon.es\/asignatura\/?page_id=14"},"modified":"2016-04-18T11:03:39","modified_gmt":"2016-04-18T11:03:39","slug":"autores-del-material","status":"publish","type":"page","link":"https:\/\/ocw.unileon.es\/analisis-y-gestion-del-riesgo-de-interes\/autores-del-material\/","title":{"rendered":"Autores del material"},"content":{"rendered":"<address>Mar\u00eda<em> del Carmen Gonz\u00e1lez Velasco<\/em><\/address><address><em>\u00a0<\/em><\/address><address><em>Profesora Titular de Universidad<\/em><\/address><address><em>\u00c1rea de Econom\u00eda Financiera y Contabilidad<\/em><\/address><address><em>Departamento de Direcci\u00f3n y Econom\u00eda de la Empresa<\/em><\/address><address><em>Universidad de Le\u00f3n<\/em><\/address>","protected":false},"excerpt":{"rendered":"<p>Mar\u00eda del Carmen Gonz\u00e1lez Velasco\u00a0Profesora Titular de Universidad\u00c1rea de Econom\u00eda Financiera y ContabilidadDepartamento de Direcci\u00f3n y Econom\u00eda de la EmpresaUniversidad de Le\u00f3n<\/p>\n","protected":false},"author":19,"featured_media":0,"parent":0,"menu_order":0,"comment_status":"closed","ping_status":"open","template":"","meta":{"footnotes":""},"class_list":["post-14","page","type-page","status-publish","hentry"],"_links":{"self":[{"href":"https:\/\/ocw.unileon.es\/analisis-y-gestion-del-riesgo-de-interes\/wp-json\/wp\/v2\/pages\/14","targetHints":{"allow":["GET"]}}],"collection":[{"href":"https:\/\/ocw.unileon.es\/analisis-y-gestion-del-riesgo-de-interes\/wp-json\/wp\/v2\/pages"}],"about":[{"href":"https:\/\/ocw.unileon.es\/analisis-y-gestion-del-riesgo-de-interes\/wp-json\/wp\/v2\/types\/page"}],"author":[{"embeddable":true,"href":"https:\/\/ocw.unileon.es\/analisis-y-gestion-del-riesgo-de-interes\/wp-json\/wp\/v2\/users\/19"}],"replies":[{"embeddable":true,"href":"https:\/\/ocw.unileon.es\/analisis-y-gestion-del-riesgo-de-interes\/wp-json\/wp\/v2\/comments?post=14"}],"version-history":[{"count":2,"href":"https:\/\/ocw.unileon.es\/analisis-y-gestion-del-riesgo-de-interes\/wp-json\/wp\/v2\/pages\/14\/revisions"}],"predecessor-version":[{"id":36,"href":"https:\/\/ocw.unileon.es\/analisis-y-gestion-del-riesgo-de-interes\/wp-json\/wp\/v2\/pages\/14\/revisions\/36"}],"wp:attachment":[{"href":"https:\/\/ocw.unileon.es\/analisis-y-gestion-del-riesgo-de-interes\/wp-json\/wp\/v2\/media?parent=14"}],"curies":[{"name":"wp","href":"https:\/\/api.w.org\/{rel}","templated":true}]}}