{"id":6,"date":"2013-02-04T11:35:22","date_gmt":"2013-02-04T11:35:22","guid":{"rendered":"https:\/\/ocw.unileon.es\/asignatura\/?page_id=5"},"modified":"2016-04-18T10:24:52","modified_gmt":"2016-04-18T10:24:52","slug":"presentacion","status":"publish","type":"page","link":"https:\/\/ocw.unileon.es\/analisis-y-gestion-del-riesgo-de-interes\/","title":{"rendered":"Presentaci\u00f3n"},"content":{"rendered":"El\u00a0objetivo fundamental de esta asignatura consiste en analizar las operaciones que se realizan en los mercados monetarios y el riesgo de inter\u00e9s, as\u00ed como los instrumentos para su gesti\u00f3n.","protected":false},"excerpt":{"rendered":"<p>El\u00a0objetivo fundamental de esta asignatura consiste en analizar las operaciones que se realizan en los mercados monetarios y el riesgo de inter\u00e9s, as\u00ed como los instrumentos para su gesti\u00f3n.<\/p>\n","protected":false},"author":19,"featured_media":0,"parent":0,"menu_order":0,"comment_status":"closed","ping_status":"closed","template":"","meta":{"footnotes":""},"class_list":["post-6","page","type-page","status-publish","hentry"],"_links":{"self":[{"href":"https:\/\/ocw.unileon.es\/analisis-y-gestion-del-riesgo-de-interes\/wp-json\/wp\/v2\/pages\/6","targetHints":{"allow":["GET"]}}],"collection":[{"href":"https:\/\/ocw.unileon.es\/analisis-y-gestion-del-riesgo-de-interes\/wp-json\/wp\/v2\/pages"}],"about":[{"href":"https:\/\/ocw.unileon.es\/analisis-y-gestion-del-riesgo-de-interes\/wp-json\/wp\/v2\/types\/page"}],"author":[{"embeddable":true,"href":"https:\/\/ocw.unileon.es\/analisis-y-gestion-del-riesgo-de-interes\/wp-json\/wp\/v2\/users\/19"}],"replies":[{"embeddable":true,"href":"https:\/\/ocw.unileon.es\/analisis-y-gestion-del-riesgo-de-interes\/wp-json\/wp\/v2\/comments?post=6"}],"version-history":[{"count":1,"href":"https:\/\/ocw.unileon.es\/analisis-y-gestion-del-riesgo-de-interes\/wp-json\/wp\/v2\/pages\/6\/revisions"}],"predecessor-version":[{"id":29,"href":"https:\/\/ocw.unileon.es\/analisis-y-gestion-del-riesgo-de-interes\/wp-json\/wp\/v2\/pages\/6\/revisions\/29"}],"wp:attachment":[{"href":"https:\/\/ocw.unileon.es\/analisis-y-gestion-del-riesgo-de-interes\/wp-json\/wp\/v2\/media?parent=6"}],"curies":[{"name":"wp","href":"https:\/\/api.w.org\/{rel}","templated":true}]}}