{"id":7,"date":"2013-02-04T11:35:29","date_gmt":"2013-02-04T11:35:29","guid":{"rendered":"https:\/\/ocw.unileon.es\/asignatura\/?page_id=7"},"modified":"2016-04-18T11:37:18","modified_gmt":"2016-04-18T11:37:18","slug":"programa","status":"publish","type":"page","link":"https:\/\/ocw.unileon.es\/analisis-y-gestion-del-riesgo-de-interes\/programa\/","title":{"rendered":"Programa"},"content":{"rendered":"<a href=\"https:\/\/ocw.unileon.es\/analisis-y-gestion-del-riesgo-de-interes\/wp-content\/uploads\/sites\/49\/2013\/02\/Programa_An\u00e1lisis-y-Gesti\u00f3n-del-Riesgo-de-Inter\u00e9s.pdf\">Programa_An\u00e1lisis y Gesti\u00f3n del Riesgo de Inter\u00e9s<\/a>","protected":false},"excerpt":{"rendered":"<p>Programa_An\u00e1lisis y Gesti\u00f3n del Riesgo de Inter\u00e9s<\/p>\n","protected":false},"author":19,"featured_media":0,"parent":0,"menu_order":0,"comment_status":"closed","ping_status":"closed","template":"","meta":{"footnotes":""},"class_list":["post-7","page","type-page","status-publish","hentry"],"_links":{"self":[{"href":"https:\/\/ocw.unileon.es\/analisis-y-gestion-del-riesgo-de-interes\/wp-json\/wp\/v2\/pages\/7","targetHints":{"allow":["GET"]}}],"collection":[{"href":"https:\/\/ocw.unileon.es\/analisis-y-gestion-del-riesgo-de-interes\/wp-json\/wp\/v2\/pages"}],"about":[{"href":"https:\/\/ocw.unileon.es\/analisis-y-gestion-del-riesgo-de-interes\/wp-json\/wp\/v2\/types\/page"}],"author":[{"embeddable":true,"href":"https:\/\/ocw.unileon.es\/analisis-y-gestion-del-riesgo-de-interes\/wp-json\/wp\/v2\/users\/19"}],"replies":[{"embeddable":true,"href":"https:\/\/ocw.unileon.es\/analisis-y-gestion-del-riesgo-de-interes\/wp-json\/wp\/v2\/comments?post=7"}],"version-history":[{"count":2,"href":"https:\/\/ocw.unileon.es\/analisis-y-gestion-del-riesgo-de-interes\/wp-json\/wp\/v2\/pages\/7\/revisions"}],"predecessor-version":[{"id":38,"href":"https:\/\/ocw.unileon.es\/analisis-y-gestion-del-riesgo-de-interes\/wp-json\/wp\/v2\/pages\/7\/revisions\/38"}],"wp:attachment":[{"href":"https:\/\/ocw.unileon.es\/analisis-y-gestion-del-riesgo-de-interes\/wp-json\/wp\/v2\/media?parent=7"}],"curies":[{"name":"wp","href":"https:\/\/api.w.org\/{rel}","templated":true}]}}