{"id":8,"date":"2013-02-04T11:35:36","date_gmt":"2013-02-04T11:35:36","guid":{"rendered":"https:\/\/ocw.unileon.es\/asignatura\/?page_id=8"},"modified":"2014-03-30T16:41:04","modified_gmt":"2014-03-30T16:41:04","slug":"bibliografia","status":"publish","type":"page","link":"https:\/\/ocw.unileon.es\/direccion-financiera-i\/bibliografia\/","title":{"rendered":"Bibliograf\u00eda"},"content":{"rendered":"<b>F<\/b><b>ANJUL, <\/b><b>J. L.<\/b><b> y <\/b><b>C<\/b><b>ASTA\u00d1O, <\/b><b>F. J.<\/b><b> (2006): <i>Direcci\u00f3n Financiera Caso a Caso,<\/i> <\/b><b>Thomson-<\/b><b>Civitas, Aranzadi, Navarra.<\/b>\r\n\r\n<b>F<\/b><b>ANJUL, <\/b><b>J. L.<\/b><b>; <\/b><b>A<\/b><b>LMOGUERA, <\/b><b>A.<\/b><b>; y <\/b><b>G<\/b><b>ONZ\u00c1LEZ <\/b><b>V<\/b><b>ELASCO, <\/b><b>M\u00aa<\/b><b> del <\/b><b>C.<\/b><b> (1996): <i>An\u00e1lisis de las operaciones financieras,<\/i> Civitas, Madrid. Segunda edici\u00f3n 2001.<\/b>\r\n\r\n<b>F<\/b><b>ANJUL, <\/b><b>J. L.<\/b><b> y <\/b><b>C<\/b><b>ASTA\u00d1O, <\/b><b>F. J.<\/b><b> (2001): <i>Proyecto\u00a0 empresarial,<\/i> EDITEX, Madrid.<\/b>\r\n\r\n<b>F<\/b><b>ANJUL, <\/b><b>J. L.<\/b><b> y <\/b><b>T<\/b><b>ASC\u00d3N, <\/b><b>M\u00aa T.<\/b><b> (2000): <i>Econom\u00eda y Organizaci\u00f3n de Empresas,<\/i> E<\/b><b>DITEX<\/b><b>, Madrid.<\/b>\r\n\r\n<b>F<\/b><b>ANJUL, <\/b><b>J. L.<\/b><b>; <\/b><b>R<\/b><b>OBLEDA, <\/b><b>H.<\/b><b>; <\/b><b>F<\/b><b>ERN\u00c1NDEZ <\/b><b>C<\/b><b>UESTA, <\/b><b>C.<\/b><b> y <\/b><b>B<\/b><b>ILBAO, <\/b><b>A.<\/b><b> (1991): <i>An\u00e1lisis de Proyectos. Casos y Supuestos,<\/i>\u00a0 Secretariado de Publicaciones, Universidad de Le\u00f3n.<\/b>\r\n\r\n<b>F<\/b><b>ANJUL, <\/b><b>J. L.<\/b><b>; <\/b><b>R<\/b><b>OBLEDA, <\/b><b>H.<\/b><b>; <\/b><b>F<\/b><b>ERN\u00c1NDEZ <\/b><b>C<\/b><b>UESTA, <\/b><b>C. <\/b><b>y <\/b><b>R<\/b><b>U\u00cdZ, <\/b><b>A. V.<\/b><b> (1993): <i>La decisi\u00f3n de crear una empresa,<\/i>\u00a0 E. D. A. E. M., Barcelona.<\/b>\r\n\r\n<b>P<\/b><b>INDADO, <\/b><b>J. (E<\/b><b>d.<\/b><b>)<\/b><b> (2012): <i>Finanzas empresariales, <\/i>Ediciones Paraninfo, Madrid.<\/b>\r\n\r\n<b>V<\/b><b>ALLEJO, <\/b><b>B. <\/b><b>y <\/b><b>S<\/b><b>OLORZANO, <\/b><b>M. \u00a0(E<\/b><b>ds.<\/b><b>)<\/b><b> (2014): <i>Gesti\u00f3n patrimonial y banca privada, <\/i>Pir\u00e1mide, Madrid.<\/b>","protected":false},"excerpt":{"rendered":"<p>FANJUL, J. L. y CASTA\u00d1O, F. J. (2006): Direcci\u00f3n Financiera Caso a Caso, Thomson-Civitas, Aranzadi, Navarra. FANJUL, J. L.; ALMOGUERA, A.; y GONZ\u00c1LEZ VELASCO, M\u00aa del C. (1996): An\u00e1lisis de las operaciones financieras, Civitas, Madrid. Segunda edici\u00f3n 2001. FANJUL, J. L. y CASTA\u00d1O, F. J. (2001): Proyecto\u00a0 empresarial, EDITEX, Madrid. FANJUL, J. L. y TASC\u00d3N, [&hellip;]<\/p>\n","protected":false},"author":22,"featured_media":0,"parent":0,"menu_order":0,"comment_status":"closed","ping_status":"closed","template":"","meta":{"footnotes":""},"class_list":["post-8","page","type-page","status-publish","hentry"],"_links":{"self":[{"href":"https:\/\/ocw.unileon.es\/direccion-financiera-i\/wp-json\/wp\/v2\/pages\/8","targetHints":{"allow":["GET"]}}],"collection":[{"href":"https:\/\/ocw.unileon.es\/direccion-financiera-i\/wp-json\/wp\/v2\/pages"}],"about":[{"href":"https:\/\/ocw.unileon.es\/direccion-financiera-i\/wp-json\/wp\/v2\/types\/page"}],"author":[{"embeddable":true,"href":"https:\/\/ocw.unileon.es\/direccion-financiera-i\/wp-json\/wp\/v2\/users\/22"}],"replies":[{"embeddable":true,"href":"https:\/\/ocw.unileon.es\/direccion-financiera-i\/wp-json\/wp\/v2\/comments?post=8"}],"version-history":[{"count":2,"href":"https:\/\/ocw.unileon.es\/direccion-financiera-i\/wp-json\/wp\/v2\/pages\/8\/revisions"}],"predecessor-version":[{"id":63,"href":"https:\/\/ocw.unileon.es\/direccion-financiera-i\/wp-json\/wp\/v2\/pages\/8\/revisions\/63"}],"wp:attachment":[{"href":"https:\/\/ocw.unileon.es\/direccion-financiera-i\/wp-json\/wp\/v2\/media?parent=8"}],"curies":[{"name":"wp","href":"https:\/\/api.w.org\/{rel}","templated":true}]}}