{"id":9,"date":"2013-02-04T11:35:46","date_gmt":"2013-02-04T11:35:46","guid":{"rendered":"https:\/\/ocw.unileon.es\/asignatura\/?page_id=9"},"modified":"2014-02-12T13:56:00","modified_gmt":"2014-02-12T13:56:00","slug":"material-de-clase","status":"publish","type":"page","link":"https:\/\/ocw.unileon.es\/direccion-financiera-ii\/material-de-clase\/","title":{"rendered":"Material de clase"},"content":{"rendered":"<a href=\"https:\/\/ocw.unileon.es\/direccion-financiera-ii\/wp-content\/uploads\/sites\/42\/2013\/02\/Tema-1-DECISI\u00d3N-INVERSI\u00d3N-RACIONAMIENTO-CAPITAL.pdf\">Tema 1 DECISI\u00d3N INVERSI\u00d3N RACIONAMIENTO CAPITAL<\/a>\r\n\r\n<a href=\"https:\/\/ocw.unileon.es\/direccion-financiera-ii\/wp-content\/uploads\/sites\/42\/2013\/02\/Tema-2-DECISI\u00d3N-DE-INVERSI\u00d3N-EN-AMBIENTE-DE-RIESGO_.pdf\">Tema 2 DECISI\u00d3N DE INVERSI\u00d3N EN AMBIENTE DE RIESGO_<\/a>\r\n\r\n<a href=\"https:\/\/ocw.unileon.es\/direccion-financiera-ii\/wp-content\/uploads\/sites\/42\/2013\/02\/Tema-3-ANALISIS-RENTABILIDAD-Y-RIESGO-I.pdf\">Tema 3 ANALISIS RENTABILIDAD Y RIESGO (I)<\/a>\r\n\r\n<a href=\"https:\/\/ocw.unileon.es\/direccion-financiera-ii\/wp-content\/uploads\/sites\/42\/2013\/02\/Tema-3-ANALISIS-RENTABILIDAD-Y-RIESGO-II.pdf\">Tema 3 ANALISIS RENTABILIDAD Y RIESGO (II)<\/a>\r\n\r\n<a href=\"https:\/\/ocw.unileon.es\/direccion-financiera-ii\/wp-content\/uploads\/sites\/42\/2013\/02\/Tema-3-ANALISIS-RENTABILIDAD-Y-RIESGO-III.pdf\">Tema 3 ANALISIS RENTABILIDAD Y RIESGO (III)<\/a>\r\n\r\n<a href=\"https:\/\/ocw.unileon.es\/direccion-financiera-ii\/wp-content\/uploads\/sites\/42\/2013\/02\/Tema-4-POL\u00cdTICA-DIVIDENDOS-Y-ESTRATEGIA-FINANCIERA.pdf\">Tema 4 POL\u00cdTICA DIVIDENDOS Y ESTRATEGIA FINANCIERA<\/a>\r\n\r\n&nbsp;","protected":false},"excerpt":{"rendered":"<p>Tema 1 DECISI\u00d3N INVERSI\u00d3N RACIONAMIENTO CAPITAL Tema 2 DECISI\u00d3N DE INVERSI\u00d3N EN AMBIENTE DE RIESGO_ Tema 3 ANALISIS RENTABILIDAD Y RIESGO (I) Tema 3 ANALISIS RENTABILIDAD Y RIESGO (II) Tema 3 ANALISIS RENTABILIDAD Y RIESGO (III) Tema 4 POL\u00cdTICA DIVIDENDOS Y ESTRATEGIA FINANCIERA &nbsp;<\/p>\n","protected":false},"author":35,"featured_media":0,"parent":0,"menu_order":0,"comment_status":"closed","ping_status":"closed","template":"","meta":{"footnotes":""},"class_list":["post-9","page","type-page","status-publish","hentry"],"_links":{"self":[{"href":"https:\/\/ocw.unileon.es\/direccion-financiera-ii\/wp-json\/wp\/v2\/pages\/9","targetHints":{"allow":["GET"]}}],"collection":[{"href":"https:\/\/ocw.unileon.es\/direccion-financiera-ii\/wp-json\/wp\/v2\/pages"}],"about":[{"href":"https:\/\/ocw.unileon.es\/direccion-financiera-ii\/wp-json\/wp\/v2\/types\/page"}],"author":[{"embeddable":true,"href":"https:\/\/ocw.unileon.es\/direccion-financiera-ii\/wp-json\/wp\/v2\/users\/35"}],"replies":[{"embeddable":true,"href":"https:\/\/ocw.unileon.es\/direccion-financiera-ii\/wp-json\/wp\/v2\/comments?post=9"}],"version-history":[{"count":3,"href":"https:\/\/ocw.unileon.es\/direccion-financiera-ii\/wp-json\/wp\/v2\/pages\/9\/revisions"}],"predecessor-version":[{"id":46,"href":"https:\/\/ocw.unileon.es\/direccion-financiera-ii\/wp-json\/wp\/v2\/pages\/9\/revisions\/46"}],"wp:attachment":[{"href":"https:\/\/ocw.unileon.es\/direccion-financiera-ii\/wp-json\/wp\/v2\/media?parent=9"}],"curies":[{"name":"wp","href":"https:\/\/api.w.org\/{rel}","templated":true}]}}