{"id":13,"date":"2013-02-04T11:36:25","date_gmt":"2013-02-04T11:36:25","guid":{"rendered":"https:\/\/ocw.unileon.es\/asignatura\/?page_id=13"},"modified":"2014-03-30T16:55:11","modified_gmt":"2014-03-30T16:55:11","slug":"guia-de-aprendizaje","status":"publish","type":"page","link":"https:\/\/ocw.unileon.es\/finanzas-corporativas\/guia-de-aprendizaje\/","title":{"rendered":"Gu\u00eda de aprendizaje"},"content":{"rendered":"<b><span style=\"text-decoration: underline;\">\u00a0<\/span><\/b>\r\n<p align=\"left\"><strong>\u00a0\u00a0\u00a0 <\/strong><strong>C<\/strong><strong>OMPETENCIAS EN LA MATERIA: <\/strong><b>F<\/b><b>INANZAS <\/b><b>C<\/b><b>ORPORATIVAS<\/b><strong><\/strong><\/p>\r\n<strong><span style=\"text-decoration: underline;\">\u00a0<\/span><\/strong>\r\n<ul>\r\n\t<li>Comprender los conceptos, teor\u00edas y herramientas b\u00e1sicas que se van a utilizar en las distintas asignaturas del m\u00f3dulo de Finanzas.<\/li>\r\n\t<li>Motivaci\u00f3n de logro.<\/li>\r\n\t<li>Tener inquietud por la calidad y por la \u00e9tica financiera.<\/li>\r\n\t<li>Conocer los m\u00e9todos y criterios para realizar la evaluaci\u00f3n y selecci\u00f3n de proyectos de inversi\u00f3n.<\/li>\r\n\t<li>Comunicarse con fluidez tanto de forma oral como escrita.<\/li>\r\n\t<li>Pensamiento anal\u00edtico.<\/li>\r\n\t<li>Capacidad de aprender.<\/li>\r\n\t<li>Que los estudiantes sepan aplicar sus conocimientos a su trabajo o vocaci\u00f3n de una forma profesional y posean las competencias que suelen demostrarse por medio de la elaboraci\u00f3n y defensa de argumentos y la resoluci\u00f3n de problemas dentro de su \u00e1rea de estudio (Finanzas Corporativas).<\/li>\r\n<\/ul>\r\n<p align=\"right\"><b><span style=\"text-decoration: underline;\">\u00a0<\/span><\/b><\/p>\r\n<p align=\"left\"><strong>\u00a0\u00a0\u00a0 <\/strong><strong>R<\/strong><strong>ESULTADOS DE <\/strong><strong>A<\/strong><strong>PRENDIZAJE EN LA MATERIA: <\/strong><b>F<\/b><b>INANZAS <\/b><b>C<\/b><b>ORPORATIVAS<\/b><strong><\/strong><\/p>\r\n<strong><span style=\"text-decoration: underline;\">\u00a0<\/span><\/strong>\r\n<ul>\r\n\t<li>Capacidad para plantear preguntas.<\/li>\r\n\t<li>Habilidad para argumentar, emitir juicios de valor y expresarse de forma coherente e inteligible.<\/li>\r\n\t<li>Capacidad de an\u00e1lisis y s\u00edntesis de la informaci\u00f3n para tomar decisiones.<\/li>\r\n\t<li>Comprender los conceptos, teor\u00edas y herramientas b\u00e1sicas que se van a utilizar en las distintas asignaturas del m\u00f3dulo de Finanzas.<\/li>\r\n\t<li>Motivaci\u00f3n de logro.<\/li>\r\n\t<li>Tener inquietud por la calidad y por la \u00e9tica financiera.<\/li>\r\n\t<li>Conocer los m\u00e9todos y criterios para realizar la evaluaci\u00f3n y selecci\u00f3n de proyectos de inversi\u00f3n.<\/li>\r\n\t<li>Que los estudiantes sepan aplicar sus conocimientos a su trabajo o vocaci\u00f3n de una forma profesional y posean las competencias que suelen demostrarse por medio de la elaboraci\u00f3n y defensa de argumentos y la resoluci\u00f3n de problemas dentro de su \u00e1rea de estudio (Finanzas Corporativas).<\/li>\r\n<\/ul>\r\n<p align=\"right\"><b><span style=\"text-decoration: underline;\">\u00a0<\/span><\/b><\/p>","protected":false},"excerpt":{"rendered":"<p>\u00a0 \u00a0\u00a0\u00a0 COMPETENCIAS EN LA MATERIA: FINANZAS CORPORATIVAS \u00a0 Comprender los conceptos, teor\u00edas y herramientas b\u00e1sicas que se van a utilizar en las distintas asignaturas del m\u00f3dulo de Finanzas. Motivaci\u00f3n de logro. Tener inquietud por la calidad y por la \u00e9tica financiera. Conocer los m\u00e9todos y criterios para realizar la evaluaci\u00f3n y selecci\u00f3n de proyectos [&hellip;]<\/p>\n","protected":false},"author":22,"featured_media":0,"parent":0,"menu_order":0,"comment_status":"closed","ping_status":"closed","template":"","meta":{"footnotes":""},"class_list":["post-13","page","type-page","status-publish","hentry"],"_links":{"self":[{"href":"https:\/\/ocw.unileon.es\/finanzas-corporativas\/wp-json\/wp\/v2\/pages\/13","targetHints":{"allow":["GET"]}}],"collection":[{"href":"https:\/\/ocw.unileon.es\/finanzas-corporativas\/wp-json\/wp\/v2\/pages"}],"about":[{"href":"https:\/\/ocw.unileon.es\/finanzas-corporativas\/wp-json\/wp\/v2\/types\/page"}],"author":[{"embeddable":true,"href":"https:\/\/ocw.unileon.es\/finanzas-corporativas\/wp-json\/wp\/v2\/users\/22"}],"replies":[{"embeddable":true,"href":"https:\/\/ocw.unileon.es\/finanzas-corporativas\/wp-json\/wp\/v2\/comments?post=13"}],"version-history":[{"count":1,"href":"https:\/\/ocw.unileon.es\/finanzas-corporativas\/wp-json\/wp\/v2\/pages\/13\/revisions"}],"predecessor-version":[{"id":104,"href":"https:\/\/ocw.unileon.es\/finanzas-corporativas\/wp-json\/wp\/v2\/pages\/13\/revisions\/104"}],"wp:attachment":[{"href":"https:\/\/ocw.unileon.es\/finanzas-corporativas\/wp-json\/wp\/v2\/media?parent=13"}],"curies":[{"name":"wp","href":"https:\/\/api.w.org\/{rel}","templated":true}]}}