{"id":14,"date":"2013-02-04T11:36:32","date_gmt":"2013-02-04T11:36:32","guid":{"rendered":"https:\/\/ocw.unileon.es\/asignatura\/?page_id=14"},"modified":"2014-03-30T16:53:49","modified_gmt":"2014-03-30T16:53:49","slug":"autores-del-material","status":"publish","type":"page","link":"https:\/\/ocw.unileon.es\/finanzas-corporativas\/autores-del-material\/","title":{"rendered":"Autores del material"},"content":{"rendered":"Jos\u00e9 Luis Fanjul Su\u00e1rez\r\n\r\nRoc\u00edo Pilar Fanjul Coya","protected":false},"excerpt":{"rendered":"<p>Jos\u00e9 Luis Fanjul Su\u00e1rez Roc\u00edo Pilar Fanjul Coya<\/p>\n","protected":false},"author":22,"featured_media":0,"parent":0,"menu_order":0,"comment_status":"closed","ping_status":"open","template":"","meta":{"footnotes":""},"class_list":["post-14","page","type-page","status-publish","hentry"],"_links":{"self":[{"href":"https:\/\/ocw.unileon.es\/finanzas-corporativas\/wp-json\/wp\/v2\/pages\/14","targetHints":{"allow":["GET"]}}],"collection":[{"href":"https:\/\/ocw.unileon.es\/finanzas-corporativas\/wp-json\/wp\/v2\/pages"}],"about":[{"href":"https:\/\/ocw.unileon.es\/finanzas-corporativas\/wp-json\/wp\/v2\/types\/page"}],"author":[{"embeddable":true,"href":"https:\/\/ocw.unileon.es\/finanzas-corporativas\/wp-json\/wp\/v2\/users\/22"}],"replies":[{"embeddable":true,"href":"https:\/\/ocw.unileon.es\/finanzas-corporativas\/wp-json\/wp\/v2\/comments?post=14"}],"version-history":[{"count":1,"href":"https:\/\/ocw.unileon.es\/finanzas-corporativas\/wp-json\/wp\/v2\/pages\/14\/revisions"}],"predecessor-version":[{"id":103,"href":"https:\/\/ocw.unileon.es\/finanzas-corporativas\/wp-json\/wp\/v2\/pages\/14\/revisions\/103"}],"wp:attachment":[{"href":"https:\/\/ocw.unileon.es\/finanzas-corporativas\/wp-json\/wp\/v2\/media?parent=14"}],"curies":[{"name":"wp","href":"https:\/\/api.w.org\/{rel}","templated":true}]}}