{"id":5,"date":"2013-02-04T11:35:22","date_gmt":"2013-02-04T11:35:22","guid":{"rendered":"https:\/\/ocw.unileon.es\/asignatura\/?page_id=5"},"modified":"2014-03-30T16:42:23","modified_gmt":"2014-03-30T16:42:23","slug":"presentacion","status":"publish","type":"page","link":"https:\/\/ocw.unileon.es\/finanzas-corporativas\/","title":{"rendered":"Presentaci\u00f3n"},"content":{"rendered":"Finanzas Corporativas es una Introducci\u00f3n a las Finanzas.\r\n\r\nEn Cursos posteriores se estudia la Direcci\u00f3n Financiera","protected":false},"excerpt":{"rendered":"<p>Finanzas Corporativas es una Introducci\u00f3n a las Finanzas. En Cursos posteriores se estudia la Direcci\u00f3n Financiera<\/p>\n","protected":false},"author":22,"featured_media":0,"parent":0,"menu_order":0,"comment_status":"closed","ping_status":"closed","template":"","meta":{"footnotes":""},"class_list":["post-5","page","type-page","status-publish","hentry"],"_links":{"self":[{"href":"https:\/\/ocw.unileon.es\/finanzas-corporativas\/wp-json\/wp\/v2\/pages\/5","targetHints":{"allow":["GET"]}}],"collection":[{"href":"https:\/\/ocw.unileon.es\/finanzas-corporativas\/wp-json\/wp\/v2\/pages"}],"about":[{"href":"https:\/\/ocw.unileon.es\/finanzas-corporativas\/wp-json\/wp\/v2\/types\/page"}],"author":[{"embeddable":true,"href":"https:\/\/ocw.unileon.es\/finanzas-corporativas\/wp-json\/wp\/v2\/users\/22"}],"replies":[{"embeddable":true,"href":"https:\/\/ocw.unileon.es\/finanzas-corporativas\/wp-json\/wp\/v2\/comments?post=5"}],"version-history":[{"count":1,"href":"https:\/\/ocw.unileon.es\/finanzas-corporativas\/wp-json\/wp\/v2\/pages\/5\/revisions"}],"predecessor-version":[{"id":94,"href":"https:\/\/ocw.unileon.es\/finanzas-corporativas\/wp-json\/wp\/v2\/pages\/5\/revisions\/94"}],"wp:attachment":[{"href":"https:\/\/ocw.unileon.es\/finanzas-corporativas\/wp-json\/wp\/v2\/media?parent=5"}],"curies":[{"name":"wp","href":"https:\/\/api.w.org\/{rel}","templated":true}]}}