{"id":9,"date":"2013-02-04T11:35:46","date_gmt":"2013-02-04T11:35:46","guid":{"rendered":"https:\/\/ocw.unileon.es\/asignatura\/?page_id=9"},"modified":"2014-01-12T10:39:03","modified_gmt":"2014-01-12T10:39:03","slug":"material-de-clase","status":"publish","type":"page","link":"https:\/\/ocw.unileon.es\/finanzas-corporativas\/presentacion\/material-de-clase\/","title":{"rendered":"Material de clase"},"content":{"rendered":"Finanzas Corporativas_Presentaci\u00f3n\r\n\r\n<a href=\"https:\/\/ocw.unileon.es\/finanzas-corporativas\/wp-content\/uploads\/sites\/19\/2013\/02\/Finanzas-Corporativas_Programa.pdf\">Finanzas Corporativas_Programa<\/a>\r\n\r\n<a href=\"https:\/\/ocw.unileon.es\/finanzas-corporativas\/wp-content\/uploads\/sites\/19\/2013\/02\/Finanzas-Corporativas_Bibliograf\u00eda.pdf\">Finanzas Corporativas_Bibliograf\u00eda<\/a>\r\n\r\n<a href=\"https:\/\/ocw.unileon.es\/finanzas-corporativas\/wp-content\/uploads\/sites\/19\/2013\/10\/GF-FC-1-Gobierno-Corporativo_Entorno.pdf\">FC Gobierno Corporativo_Entorno<\/a>\r\n\r\n<a href=\"https:\/\/ocw.unileon.es\/finanzas-corporativas\/wp-content\/uploads\/sites\/19\/2013\/10\/OCW_FC_Crecimiento-econ\u00f3mico.pdf\">FC_Crecimiento econ\u00f3mico<\/a>\r\n\r\n<a href=\"https:\/\/ocw.unileon.es\/finanzas-corporativas\/wp-content\/uploads\/sites\/19\/2013\/02\/12-FC-GC_Crecimiento-de-la-Empresa-Print.pdf\">FC Crecimiento de la Empresa<\/a>\r\n\r\n<a href=\"https:\/\/ocw.unileon.es\/finanzas-corporativas\/wp-content\/uploads\/sites\/19\/2013\/10\/OCW_FC_Empresa-Proyecto-de-Innovaci\u00f3n.pdf\">FC_Empresa Proyecto de Innovaci\u00f3n<\/a>\r\n\r\n<a href=\"https:\/\/ocw.unileon.es\/finanzas-corporativas\/wp-content\/uploads\/sites\/19\/2013\/02\/21-FC-Debate_Crisis-Print.pdf\">FC Debate sobre La_Crisis<\/a>\r\n\r\n<a href=\"https:\/\/ocw.unileon.es\/finanzas-corporativas\/wp-content\/uploads\/sites\/19\/2013\/02\/FC-Decisiones-Financieras-Parte-2.pdf\"><a href=\"https:\/\/ocw.unileon.es\/finanzas-corporativas\/wp-content\/uploads\/sites\/19\/2013\/02\/FC-Decisiones-Financieras-Parte-1.pdf\">FC Decisiones Financieras Parte 1<\/a><\/a>\r\n\r\n<a href=\"https:\/\/ocw.unileon.es\/finanzas-corporativas\/wp-content\/uploads\/sites\/19\/2013\/02\/FC-Decisiones-Financieras-Parte-2.pdf\">FC Decisiones Financieras Parte 2<\/a>\r\n\r\n<a href=\"https:\/\/ocw.unileon.es\/finanzas-corporativas\/wp-content\/uploads\/sites\/19\/2013\/02\/31-FC-Decisi\u00f3n-de-Inversi\u00f3n-Print.pdf\">FC Decisi\u00f3n de Inversi\u00f3n<\/a>\r\n\r\n<a href=\"https:\/\/ocw.unileon.es\/finanzas-corporativas\/wp-content\/uploads\/sites\/19\/2013\/02\/41-FC-Extensiones-An\u00e1lisis-Proyectos-Print.pdf\">FC Extensiones en el An\u00e1lisis de Proyectos<\/a>\r\n\r\n<a href=\"https:\/\/ocw.unileon.es\/finanzas-corporativas\/wp-content\/uploads\/sites\/19\/2013\/02\/51-FC-An\u00e1lisis-de-Sensibilidad-Print1.pdf\">FC An\u00e1lisis de Sensibilidad<\/a>","protected":false},"excerpt":{"rendered":"<p>Finanzas Corporativas_Presentaci\u00f3n Finanzas Corporativas_Programa Finanzas Corporativas_Bibliograf\u00eda FC Gobierno Corporativo_Entorno FC_Crecimiento econ\u00f3mico FC Crecimiento de la Empresa FC_Empresa Proyecto de Innovaci\u00f3n FC Debate sobre La_Crisis FC Decisiones Financieras Parte 1 FC Decisiones Financieras Parte 2 FC Decisi\u00f3n de Inversi\u00f3n FC Extensiones en el An\u00e1lisis de Proyectos FC An\u00e1lisis de Sensibilidad<\/p>\n","protected":false},"author":22,"featured_media":0,"parent":5,"menu_order":0,"comment_status":"closed","ping_status":"closed","template":"","meta":{"footnotes":""},"class_list":["post-9","page","type-page","status-publish","hentry"],"_links":{"self":[{"href":"https:\/\/ocw.unileon.es\/finanzas-corporativas\/wp-json\/wp\/v2\/pages\/9","targetHints":{"allow":["GET"]}}],"collection":[{"href":"https:\/\/ocw.unileon.es\/finanzas-corporativas\/wp-json\/wp\/v2\/pages"}],"about":[{"href":"https:\/\/ocw.unileon.es\/finanzas-corporativas\/wp-json\/wp\/v2\/types\/page"}],"author":[{"embeddable":true,"href":"https:\/\/ocw.unileon.es\/finanzas-corporativas\/wp-json\/wp\/v2\/users\/22"}],"replies":[{"embeddable":true,"href":"https:\/\/ocw.unileon.es\/finanzas-corporativas\/wp-json\/wp\/v2\/comments?post=9"}],"version-history":[{"count":25,"href":"https:\/\/ocw.unileon.es\/finanzas-corporativas\/wp-json\/wp\/v2\/pages\/9\/revisions"}],"predecessor-version":[{"id":74,"href":"https:\/\/ocw.unileon.es\/finanzas-corporativas\/wp-json\/wp\/v2\/pages\/9\/revisions\/74"}],"up":[{"embeddable":true,"href":"https:\/\/ocw.unileon.es\/finanzas-corporativas\/wp-json\/wp\/v2\/pages\/5"}],"wp:attachment":[{"href":"https:\/\/ocw.unileon.es\/finanzas-corporativas\/wp-json\/wp\/v2\/media?parent=9"}],"curies":[{"name":"wp","href":"https:\/\/api.w.org\/{rel}","templated":true}]}}