{"id":15,"date":"2013-02-04T11:36:25","date_gmt":"2013-02-04T11:36:25","guid":{"rendered":"https:\/\/ocw.unileon.es\/asignatura\/?page_id=13"},"modified":"2019-03-25T13:56:37","modified_gmt":"2019-03-25T12:56:37","slug":"guia-de-aprendizaje","status":"publish","type":"page","link":"https:\/\/ocw.unileon.es\/fotovoltaica-biomasa-y-cogeneracion\/guia-de-aprendizaje\/","title":{"rendered":"Gu\u00eda de aprendizaje"},"content":{"rendered":"\n<table width=\"600\">\n<tbody>\n<tr>\n<td>\n<p><strong>Metodolog\u00ed\u00adas<\/strong><\/p>\n<\/td>\n<\/tr>\n<\/tbody>\n<\/table>\n<p>Metodolog\u00edas<\/p>\n<table width=\"600\">\n<tbody>\n<tr>\n<td width=\"200\">\n<p>\u00a0<\/p>\n<\/td>\n<td>\n<p><strong>descripci\u00f3n<\/strong><\/p>\n<\/td>\n<\/tr>\n<tr>\n<td>\n<p>Pr\u00e1cticas en laboratorios<\/p>\n<\/td>\n<td>\n<p>Aulas de inform\u00e1tica. Se emplear\u00e1 software espec\u00edfico para c\u00e1lculo y dise\u00f1o de instalaciones de FBC. El alumno entregar\u00e1 una memoria como criterio de evaluaci\u00f3n de la parte pr\u00e1ctica, en las condiciones y fechas que se indica m\u00e1s adelante. La calificaci\u00f3n en el trabajo de pr\u00e1cticas tendr\u00e1 que ser de un 7,0 sobre 10,0 para superar la asignatura.<\/p>\n<\/td>\n<\/tr>\n<tr>\n<td>\n<p>Tutor\u00edas<\/p>\n<\/td>\n<td>\n<p>El alumno plantear\u00e1 dudas concretas o comentarios sobre la materia impartida en las sesiones magistrales, de resoluci\u00f3n de problemas o sobre la elaboraci\u00f3n de trabajos\/proyectos. Estas tutor\u00edas podr\u00e1n realizarse de forma individual o en grupo seg\u00fan las necesidades concretas.<\/p>\n<\/td>\n<\/tr>\n<tr>\n<td>\n<p>Resoluci\u00f3n de problemas\/ejercicios en el aula ordinaria<\/p>\n<\/td>\n<td>\n<p>Durante esta fase de la docencia se resolver\u00e1n problemas de car\u00e1cter general de diferente dificultad. El alumno asimilar\u00e1 la teor\u00eda mediante la resoluci\u00f3n de estos problemas.<\/p>\n<\/td>\n<\/tr>\n<tr>\n<td>\n<p>Pr\u00e1cticas de campo \/ salidas<\/p>\n<\/td>\n<td>\n<p>Se realizar\u00e1n visitas a instalaciones relacionadas directamente con FBC. Se valorar\u00e1 en esta secci\u00f3n las memorias sobre la visita.<\/p>\n<\/td>\n<\/tr>\n<tr>\n<td>\n<p>Trabajos<\/p>\n<\/td>\n<td>\n<p>Los alumnos realizar\u00e1n un trabajo o proyecto sobre alg\u00fan tema directamente relacionado con FBC. En la calificaci\u00f3n de esta parte contar\u00e1 tanto la calidad de la memoria como la exposici\u00f3n de la misma<\/p>\n<\/td>\n<\/tr>\n<tr>\n<td>\n<p>Sesi\u00f3n Magistral<\/p>\n<\/td>\n<td>\n<p>Los alumnos asistir\u00e1n voluntariamente al aula donde se expondr\u00e1n los contenidos de los temas y se desarrollar\u00e1n las materias de forma te\u00f3rica.<\/p>\n<\/td>\n<\/tr>\n<\/tbody>\n<\/table>\n","protected":false},"excerpt":{"rendered":"<p>Metodolog\u00ed\u00adas Metodolog\u00edas \u00a0 descripci\u00f3n Pr\u00e1cticas en laboratorios Aulas de inform\u00e1tica. Se emplear\u00e1 software espec\u00edfico para c\u00e1lculo y dise\u00f1o de instalaciones de FBC. El alumno entregar\u00e1 una memoria como criterio de evaluaci\u00f3n de la parte pr\u00e1ctica, en las condiciones y fechas que se indica m\u00e1s adelante. La calificaci\u00f3n en el trabajo de pr\u00e1cticas tendr\u00e1 que ser [&hellip;]<\/p>\n","protected":false},"author":53,"featured_media":0,"parent":0,"menu_order":0,"comment_status":"closed","ping_status":"closed","template":"","meta":{"footnotes":""},"class_list":["post-15","page","type-page","status-publish","hentry"],"_links":{"self":[{"href":"https:\/\/ocw.unileon.es\/fotovoltaica-biomasa-y-cogeneracion\/wp-json\/wp\/v2\/pages\/15","targetHints":{"allow":["GET"]}}],"collection":[{"href":"https:\/\/ocw.unileon.es\/fotovoltaica-biomasa-y-cogeneracion\/wp-json\/wp\/v2\/pages"}],"about":[{"href":"https:\/\/ocw.unileon.es\/fotovoltaica-biomasa-y-cogeneracion\/wp-json\/wp\/v2\/types\/page"}],"author":[{"embeddable":true,"href":"https:\/\/ocw.unileon.es\/fotovoltaica-biomasa-y-cogeneracion\/wp-json\/wp\/v2\/users\/53"}],"replies":[{"embeddable":true,"href":"https:\/\/ocw.unileon.es\/fotovoltaica-biomasa-y-cogeneracion\/wp-json\/wp\/v2\/comments?post=15"}],"version-history":[{"count":1,"href":"https:\/\/ocw.unileon.es\/fotovoltaica-biomasa-y-cogeneracion\/wp-json\/wp\/v2\/pages\/15\/revisions"}],"predecessor-version":[{"id":41,"href":"https:\/\/ocw.unileon.es\/fotovoltaica-biomasa-y-cogeneracion\/wp-json\/wp\/v2\/pages\/15\/revisions\/41"}],"wp:attachment":[{"href":"https:\/\/ocw.unileon.es\/fotovoltaica-biomasa-y-cogeneracion\/wp-json\/wp\/v2\/media?parent=15"}],"curies":[{"name":"wp","href":"https:\/\/api.w.org\/{rel}","templated":true}]}}