{"id":9,"date":"2013-02-04T11:35:29","date_gmt":"2013-02-04T11:35:29","guid":{"rendered":"https:\/\/ocw.unileon.es\/asignatura\/?page_id=7"},"modified":"2019-03-25T13:45:21","modified_gmt":"2019-03-25T12:45:21","slug":"programa","status":"publish","type":"page","link":"https:\/\/ocw.unileon.es\/fotovoltaica-biomasa-y-cogeneracion\/programa\/","title":{"rendered":"Programa"},"content":{"rendered":"\n<table width=\"600\">\n<tbody>\n<tr>\n<td class=\"VerdanaBlanca\" align=\"center\"><strong>Contenidos<\/strong><\/td>\n<\/tr>\n<\/tbody>\n<\/table>\n<table width=\"600\" cellspacing=\"1\" cellpadding=\"2\">\n<tbody>\n<tr align=\"center\" valign=\"middle\">\n<td class=\"VerdanaBlanca\" align=\"center\"><strong>Bloque<\/strong><\/td>\n<td class=\"VerdanaBlanca\" align=\"center\"><strong>Tema<\/strong><\/td>\n<\/tr>\n<tr>\n<td class=\"Verdana\" valign=\"middle\">BLOQUE I: Principios de generaci\u00f3n y dise\u00f1o de instalaciones fotovoltaica.<\/td>\n<td class=\"Verdana\">I Principios de generaci\u00f3n fotovoltaica.<br \/>IIFundamnetos de c\u00e1lculo de una instalaci\u00f3n fotovoltaica.<br \/>III Generaci\u00f3n fotovoltaica conectada a red.<br \/>IV Instalaciones fotovoltaicas autonomas.<br \/>V Revisi\u00f3n de la legislaci\u00f3n vigente.<\/td>\n<\/tr>\n<tr class=\"mainfons2\">\n<td class=\"Verdana\" valign=\"middle\">BLOQUE II: Principios de generaci\u00f3n y dise\u00f1o de instalaciones de biomasa.<\/td>\n<td class=\"Verdana\">VI Valorizaci\u00f3n energ\u00e9tica de la biomasa. Principios b\u00e1sicos.<br \/>VII Procesos de transformaci\u00f3n y gesti\u00f3n de la biomasa.<br \/>VIII Producci\u00f3n de energ\u00eda el\u00e9ctrica mediante la combusti\u00f3n de biomasa.<br \/>IX Producci\u00f3n de energ\u00eda el\u00e9ctrica mediante la gasificaci\u00f3n de biomasa.<br \/>X Producci\u00f3n de energ\u00eda el\u00e9ctrica mediante digesti\u00f3n anaerobia de residuos org\u00e1nicos.\u00a0<br \/>XI Revisi\u00f3n de la legislaci\u00f3n vigente.<\/td>\n<\/tr>\n<tr>\n<td class=\"Verdana\" valign=\"middle\">BLOQUE III: Principios de generaci\u00f3n y dise\u00f1o de instalaciones de cogeneraci\u00f3n.<\/td>\n<td class=\"Verdana\">XII Principios de cogeneraci\u00f3n y aspectos termodin\u00e1micos.<br \/>XIII An\u00e1lisis de las tecnolog\u00edas disponibles.<br \/>XIV \u00c1mbito de la cogeneraci\u00f3n.<br \/>XV Microcogeneraci\u00f3n.<br \/>XVI Revisi\u00f3n de la legislaci\u00f3n vigente.<br \/><br \/><br \/><\/td>\n<\/tr>\n<tr class=\"mainfons2\">\n<td class=\"Verdana\" valign=\"middle\">BLOQUE IV: An\u00e1lisis de viabilidad de las instalaciones de fotovoltaica biomasa y cogeneraci\u00f3n<\/td>\n<td class=\"Verdana\">XVII An\u00e1lisis de viabilidad de las instalaciones de fotovoltaica biomasa y cogeneraci\u00f3n<\/td>\n<\/tr>\n<\/tbody>\n<\/table>\n","protected":false},"excerpt":{"rendered":"<p>Contenidos Bloque Tema BLOQUE I: Principios de generaci\u00f3n y dise\u00f1o de instalaciones fotovoltaica. I Principios de generaci\u00f3n fotovoltaica.IIFundamnetos de c\u00e1lculo de una instalaci\u00f3n fotovoltaica.III Generaci\u00f3n fotovoltaica conectada a red.IV Instalaciones fotovoltaicas autonomas.V Revisi\u00f3n de la legislaci\u00f3n vigente. BLOQUE II: Principios de generaci\u00f3n y dise\u00f1o de instalaciones de biomasa. VI Valorizaci\u00f3n energ\u00e9tica de la biomasa. Principios [&hellip;]<\/p>\n","protected":false},"author":53,"featured_media":0,"parent":0,"menu_order":0,"comment_status":"closed","ping_status":"closed","template":"","meta":{"footnotes":""},"class_list":["post-9","page","type-page","status-publish","hentry"],"_links":{"self":[{"href":"https:\/\/ocw.unileon.es\/fotovoltaica-biomasa-y-cogeneracion\/wp-json\/wp\/v2\/pages\/9","targetHints":{"allow":["GET"]}}],"collection":[{"href":"https:\/\/ocw.unileon.es\/fotovoltaica-biomasa-y-cogeneracion\/wp-json\/wp\/v2\/pages"}],"about":[{"href":"https:\/\/ocw.unileon.es\/fotovoltaica-biomasa-y-cogeneracion\/wp-json\/wp\/v2\/types\/page"}],"author":[{"embeddable":true,"href":"https:\/\/ocw.unileon.es\/fotovoltaica-biomasa-y-cogeneracion\/wp-json\/wp\/v2\/users\/53"}],"replies":[{"embeddable":true,"href":"https:\/\/ocw.unileon.es\/fotovoltaica-biomasa-y-cogeneracion\/wp-json\/wp\/v2\/comments?post=9"}],"version-history":[{"count":1,"href":"https:\/\/ocw.unileon.es\/fotovoltaica-biomasa-y-cogeneracion\/wp-json\/wp\/v2\/pages\/9\/revisions"}],"predecessor-version":[{"id":31,"href":"https:\/\/ocw.unileon.es\/fotovoltaica-biomasa-y-cogeneracion\/wp-json\/wp\/v2\/pages\/9\/revisions\/31"}],"wp:attachment":[{"href":"https:\/\/ocw.unileon.es\/fotovoltaica-biomasa-y-cogeneracion\/wp-json\/wp\/v2\/media?parent=9"}],"curies":[{"name":"wp","href":"https:\/\/api.w.org\/{rel}","templated":true}]}}