{"id":5,"date":"2013-02-04T11:35:22","date_gmt":"2013-02-04T11:35:22","guid":{"rendered":"https:\/\/ocw.unileon.es\/asignatura\/?page_id=5"},"modified":"2016-04-18T09:44:12","modified_gmt":"2016-04-18T09:44:12","slug":"presentacion","status":"publish","type":"page","link":"https:\/\/ocw.unileon.es\/fundamentos-del-analisis-de-las-operaciones-financieras\/","title":{"rendered":"Presentaci\u00f3n"},"content":{"rendered":"El objetivo fundamental de esta asignatura consiste en introducir al alumno en los conceptos financieros, de tal manera que aprenda a pensar y a resolver toda la problem\u00e1tica de los fen\u00f3menos financieros en coherencia l\u00f3gica con unos principios b\u00e1sicos muy generales que deben ser reflejo del comportamiento racional del sujeto econ\u00f3mico. Esta asignatura es fundamental para comprender y analizar las operaciones financieras.","protected":false},"excerpt":{"rendered":"<p>El objetivo fundamental de esta asignatura consiste en introducir al alumno en los conceptos financieros, de tal manera que aprenda a pensar y a resolver toda la problem\u00e1tica de los fen\u00f3menos financieros en coherencia l\u00f3gica con unos principios b\u00e1sicos muy generales que deben ser reflejo del comportamiento racional del sujeto econ\u00f3mico. Esta asignatura es fundamental [&hellip;]<\/p>\n","protected":false},"author":19,"featured_media":0,"parent":0,"menu_order":0,"comment_status":"closed","ping_status":"closed","template":"","meta":{"footnotes":""},"class_list":["post-5","page","type-page","status-publish","hentry"],"_links":{"self":[{"href":"https:\/\/ocw.unileon.es\/fundamentos-del-analisis-de-las-operaciones-financieras\/wp-json\/wp\/v2\/pages\/5","targetHints":{"allow":["GET"]}}],"collection":[{"href":"https:\/\/ocw.unileon.es\/fundamentos-del-analisis-de-las-operaciones-financieras\/wp-json\/wp\/v2\/pages"}],"about":[{"href":"https:\/\/ocw.unileon.es\/fundamentos-del-analisis-de-las-operaciones-financieras\/wp-json\/wp\/v2\/types\/page"}],"author":[{"embeddable":true,"href":"https:\/\/ocw.unileon.es\/fundamentos-del-analisis-de-las-operaciones-financieras\/wp-json\/wp\/v2\/users\/19"}],"replies":[{"embeddable":true,"href":"https:\/\/ocw.unileon.es\/fundamentos-del-analisis-de-las-operaciones-financieras\/wp-json\/wp\/v2\/comments?post=5"}],"version-history":[{"count":2,"href":"https:\/\/ocw.unileon.es\/fundamentos-del-analisis-de-las-operaciones-financieras\/wp-json\/wp\/v2\/pages\/5\/revisions"}],"predecessor-version":[{"id":65,"href":"https:\/\/ocw.unileon.es\/fundamentos-del-analisis-de-las-operaciones-financieras\/wp-json\/wp\/v2\/pages\/5\/revisions\/65"}],"wp:attachment":[{"href":"https:\/\/ocw.unileon.es\/fundamentos-del-analisis-de-las-operaciones-financieras\/wp-json\/wp\/v2\/media?parent=5"}],"curies":[{"name":"wp","href":"https:\/\/api.w.org\/{rel}","templated":true}]}}