{"id":9,"date":"2013-02-04T11:35:46","date_gmt":"2013-02-04T11:35:46","guid":{"rendered":"https:\/\/ocw.unileon.es\/asignatura\/?page_id=9"},"modified":"2013-12-16T12:36:58","modified_gmt":"2013-12-16T12:36:58","slug":"material-de-clase","status":"publish","type":"page","link":"https:\/\/ocw.unileon.es\/fundamentos-del-analisis-de-las-operaciones-financieras\/material-de-clase\/","title":{"rendered":"Material de clase"},"content":{"rendered":"<a href=\"https:\/\/ocw.unileon.es\/fundamentos-del-analisis-de-las-operaciones-financieras\/wp-content\/uploads\/sites\/13\/2013\/02\/Tema-1.pdf\">Tema 1.- Conceptos b\u00e1sicos<\/a>\r\n\r\n<a href=\"https:\/\/ocw.unileon.es\/fundamentos-del-analisis-de-las-operaciones-financieras\/wp-content\/uploads\/sites\/13\/2013\/02\/Tema-2.pdf\">Tema 2.- Operaciones financieras de capitalizaci\u00f3n y descuento simple<\/a>\r\n\r\n<a href=\"https:\/\/ocw.unileon.es\/fundamentos-del-analisis-de-las-operaciones-financieras\/wp-content\/uploads\/sites\/13\/2013\/02\/Tema-3.pdf\">Tema 3.- Operaciones financieras de capitalizaci\u00f3n y descuento compuesto<\/a>\r\n\r\n<a href=\"https:\/\/ocw.unileon.es\/fundamentos-del-analisis-de-las-operaciones-financieras\/wp-content\/uploads\/sites\/13\/2013\/02\/Tema-4.pdf\">Tema 4.- Introducci\u00f3n a las rentas<\/a>\r\n\r\n<a href=\"https:\/\/ocw.unileon.es\/fundamentos-del-analisis-de-las-operaciones-financieras\/wp-content\/uploads\/sites\/13\/2013\/02\/Tema-5.pdf\">Tema 5.- Rentas constantes<\/a>\r\n\r\n<a href=\"https:\/\/ocw.unileon.es\/fundamentos-del-analisis-de-las-operaciones-financieras\/wp-content\/uploads\/sites\/13\/2013\/02\/Tema-6.pdf\">Tema 6.- Rentas variables<\/a>\r\n\r\n<a href=\"https:\/\/ocw.unileon.es\/fundamentos-del-analisis-de-las-operaciones-financieras\/wp-content\/uploads\/sites\/13\/2013\/02\/Tema-7.pdf\">Tema 7.- Operaciones financieras de amortizaci\u00f3n de capital (I)<\/a>\r\n\r\n<a href=\"https:\/\/ocw.unileon.es\/fundamentos-del-analisis-de-las-operaciones-financieras\/wp-content\/uploads\/sites\/13\/2013\/02\/Tema-8.pdf\">Tema 8.- Operaciones financieras de amortizaci\u00f3n de capital (y II)<\/a>\r\n\r\n<a href=\"https:\/\/ocw.unileon.es\/fundamentos-del-analisis-de-las-operaciones-financieras\/wp-content\/uploads\/sites\/13\/2013\/02\/Tema-91.pdf\">Tema 9.- Operaciones financieras de constituci\u00f3n de capital<\/a>\r\n\r\n&nbsp;\r\n\r\n&nbsp;\r\n\r\n&nbsp;\r\n\r\n&nbsp;\r\n\r\n&nbsp;\r\n\r\n&nbsp;\r\n\r\n&nbsp;\r\n\r\n&nbsp;\r\n\r\n&nbsp;\r\n\r\n&nbsp;","protected":false},"excerpt":{"rendered":"<p>Tema 1.- Conceptos b\u00e1sicos Tema 2.- Operaciones financieras de capitalizaci\u00f3n y descuento simple Tema 3.- Operaciones financieras de capitalizaci\u00f3n y descuento compuesto Tema 4.- Introducci\u00f3n a las rentas Tema 5.- Rentas constantes Tema 6.- Rentas variables Tema 7.- Operaciones financieras de amortizaci\u00f3n de capital (I) Tema 8.- Operaciones financieras de amortizaci\u00f3n de capital (y II) [&hellip;]<\/p>\n","protected":false},"author":19,"featured_media":0,"parent":0,"menu_order":0,"comment_status":"closed","ping_status":"closed","template":"","meta":{"footnotes":""},"class_list":["post-9","page","type-page","status-publish","hentry"],"_links":{"self":[{"href":"https:\/\/ocw.unileon.es\/fundamentos-del-analisis-de-las-operaciones-financieras\/wp-json\/wp\/v2\/pages\/9","targetHints":{"allow":["GET"]}}],"collection":[{"href":"https:\/\/ocw.unileon.es\/fundamentos-del-analisis-de-las-operaciones-financieras\/wp-json\/wp\/v2\/pages"}],"about":[{"href":"https:\/\/ocw.unileon.es\/fundamentos-del-analisis-de-las-operaciones-financieras\/wp-json\/wp\/v2\/types\/page"}],"author":[{"embeddable":true,"href":"https:\/\/ocw.unileon.es\/fundamentos-del-analisis-de-las-operaciones-financieras\/wp-json\/wp\/v2\/users\/19"}],"replies":[{"embeddable":true,"href":"https:\/\/ocw.unileon.es\/fundamentos-del-analisis-de-las-operaciones-financieras\/wp-json\/wp\/v2\/comments?post=9"}],"version-history":[{"count":3,"href":"https:\/\/ocw.unileon.es\/fundamentos-del-analisis-de-las-operaciones-financieras\/wp-json\/wp\/v2\/pages\/9\/revisions"}],"predecessor-version":[{"id":61,"href":"https:\/\/ocw.unileon.es\/fundamentos-del-analisis-de-las-operaciones-financieras\/wp-json\/wp\/v2\/pages\/9\/revisions\/61"}],"wp:attachment":[{"href":"https:\/\/ocw.unileon.es\/fundamentos-del-analisis-de-las-operaciones-financieras\/wp-json\/wp\/v2\/media?parent=9"}],"curies":[{"name":"wp","href":"https:\/\/api.w.org\/{rel}","templated":true}]}}