{"id":7,"date":"2013-02-04T11:35:29","date_gmt":"2013-02-04T11:35:29","guid":{"rendered":"https:\/\/ocw.unileon.es\/asignatura\/?page_id=7"},"modified":"2014-02-12T10:55:57","modified_gmt":"2014-02-12T10:55:57","slug":"programa","status":"publish","type":"page","link":"https:\/\/ocw.unileon.es\/gestion-de-carteras-y-patrimonios\/programa\/","title":{"rendered":"Programa"},"content":{"rendered":"TEMA 1. Introducci\u00f3n a la Gesti\u00f3n de Carteras\r\nTEMA 2. Modelo de selecci\u00f3n de carteras de Markowitz\r\nTEMA 3. Modelo simplificado de Sharpe\r\nTEMA 4. Capital Asset Pricing Model\r\nTEMA 5. Modelos APT\r\nTEMA 6. Evaluaci\u00f3n de la Gesti\u00f3n de Carteras","protected":false},"excerpt":{"rendered":"<p>TEMA 1. Introducci\u00f3n a la Gesti\u00f3n de Carteras TEMA 2. Modelo de selecci\u00f3n de carteras de Markowitz TEMA 3. Modelo simplificado de Sharpe TEMA 4. Capital Asset Pricing Model TEMA 5. Modelos APT TEMA 6. Evaluaci\u00f3n de la Gesti\u00f3n de Carteras<\/p>\n","protected":false},"author":39,"featured_media":0,"parent":0,"menu_order":0,"comment_status":"closed","ping_status":"closed","template":"","meta":{"footnotes":""},"class_list":["post-7","page","type-page","status-publish","hentry"],"_links":{"self":[{"href":"https:\/\/ocw.unileon.es\/gestion-de-carteras-y-patrimonios\/wp-json\/wp\/v2\/pages\/7","targetHints":{"allow":["GET"]}}],"collection":[{"href":"https:\/\/ocw.unileon.es\/gestion-de-carteras-y-patrimonios\/wp-json\/wp\/v2\/pages"}],"about":[{"href":"https:\/\/ocw.unileon.es\/gestion-de-carteras-y-patrimonios\/wp-json\/wp\/v2\/types\/page"}],"author":[{"embeddable":true,"href":"https:\/\/ocw.unileon.es\/gestion-de-carteras-y-patrimonios\/wp-json\/wp\/v2\/users\/39"}],"replies":[{"embeddable":true,"href":"https:\/\/ocw.unileon.es\/gestion-de-carteras-y-patrimonios\/wp-json\/wp\/v2\/comments?post=7"}],"version-history":[{"count":1,"href":"https:\/\/ocw.unileon.es\/gestion-de-carteras-y-patrimonios\/wp-json\/wp\/v2\/pages\/7\/revisions"}],"predecessor-version":[{"id":27,"href":"https:\/\/ocw.unileon.es\/gestion-de-carteras-y-patrimonios\/wp-json\/wp\/v2\/pages\/7\/revisions\/27"}],"wp:attachment":[{"href":"https:\/\/ocw.unileon.es\/gestion-de-carteras-y-patrimonios\/wp-json\/wp\/v2\/media?parent=7"}],"curies":[{"name":"wp","href":"https:\/\/api.w.org\/{rel}","templated":true}]}}