{"id":8,"date":"2013-02-04T11:35:36","date_gmt":"2013-02-04T11:35:36","guid":{"rendered":"https:\/\/ocw.unileon.es\/asignatura\/?page_id=8"},"modified":"2013-03-22T12:22:27","modified_gmt":"2013-03-22T12:22:27","slug":"bibliografia","status":"publish","type":"page","link":"https:\/\/ocw.unileon.es\/ingenieria-del-transporte\/bibliografia\/","title":{"rendered":"Bibliograf\u00eda"},"content":{"rendered":"&#8211; Ingenier\u00eda del Transporte (William W. Hay). Editorial Limusa\r\n\r\n&#8211; Mec\u00e1nica de Fluidos (Frank M. White). McGraw Hill","protected":false},"excerpt":{"rendered":"<p>&#8211; Ingenier\u00eda del Transporte (William W. Hay). Editorial Limusa &#8211; Mec\u00e1nica de Fluidos (Frank M. White). McGraw Hill<\/p>\n","protected":false},"author":32,"featured_media":0,"parent":0,"menu_order":0,"comment_status":"closed","ping_status":"closed","template":"","meta":{"footnotes":""},"class_list":["post-8","page","type-page","status-publish","hentry"],"_links":{"self":[{"href":"https:\/\/ocw.unileon.es\/ingenieria-del-transporte\/wp-json\/wp\/v2\/pages\/8","targetHints":{"allow":["GET"]}}],"collection":[{"href":"https:\/\/ocw.unileon.es\/ingenieria-del-transporte\/wp-json\/wp\/v2\/pages"}],"about":[{"href":"https:\/\/ocw.unileon.es\/ingenieria-del-transporte\/wp-json\/wp\/v2\/types\/page"}],"author":[{"embeddable":true,"href":"https:\/\/ocw.unileon.es\/ingenieria-del-transporte\/wp-json\/wp\/v2\/users\/32"}],"replies":[{"embeddable":true,"href":"https:\/\/ocw.unileon.es\/ingenieria-del-transporte\/wp-json\/wp\/v2\/comments?post=8"}],"version-history":[{"count":2,"href":"https:\/\/ocw.unileon.es\/ingenieria-del-transporte\/wp-json\/wp\/v2\/pages\/8\/revisions"}],"predecessor-version":[{"id":25,"href":"https:\/\/ocw.unileon.es\/ingenieria-del-transporte\/wp-json\/wp\/v2\/pages\/8\/revisions\/25"}],"wp:attachment":[{"href":"https:\/\/ocw.unileon.es\/ingenieria-del-transporte\/wp-json\/wp\/v2\/media?parent=8"}],"curies":[{"name":"wp","href":"https:\/\/api.w.org\/{rel}","templated":true}]}}