{"id":10,"date":"2013-02-04T11:36:04","date_gmt":"2013-02-04T11:36:04","guid":{"rendered":"https:\/\/ocw.unileon.es\/asignatura\/?page_id=10"},"modified":"2016-06-13T12:03:02","modified_gmt":"2016-06-13T12:03:02","slug":"ejercicios-proyectos-y-casos","status":"publish","type":"page","link":"https:\/\/ocw.unileon.es\/mercados-medios-e-instituciones-financieras\/ejercicios-proyectos-y-casos\/","title":{"rendered":"Ejercicios, proyectos y casos"},"content":{"rendered":"<table width=\"898\">\r\n<tbody>\r\n<tr>\r\n<td colspan=\"2\" width=\"898\"><strong>MERCADOS, MEDIOS E INSTUTUCIONES FINANCIERAS<\/strong>\r\n\r\nPresentaci\u00f3n de Trabajos Voluntarios<\/td>\r\n<\/tr>\r\n<tr>\r\n<td colspan=\"2\" width=\"898\"><u>Valoraci\u00f3n <\/u>: (25% nota final):\r\n<ul>\r\n \t<li>20% presentaci\u00f3n en <em>power point<\/em><\/li>\r\n \t<li>5% valoraci\u00f3n presentaciones de compa\u00f1eros. (entregar al profesor 10 trabajos evaluados). Se entregan al finalizar la sesi\u00f3n de exposiciones (fuera de dicha sesi\u00f3n no se admitir\u00e1n) y la hoja debe de estar rellena sino no se tiene en cuenta.<\/li>\r\n<\/ul>\r\n<u>\u00a0<\/u>\r\n\r\n<u>Caracter\u00edsticas <\/u>de la presentaci\u00f3n:\r\n<ul>\r\n \t<li>Presentaci\u00f3n oral. Se realizar\u00e1 la presentaci\u00f3n entre 2-3 personas. A continuaci\u00f3n se abre un turno de preguntas entre los compa\u00f1eros bajo la supervisi\u00f3n del profesor.<\/li>\r\n \t<li>Se valora:<\/li>\r\n<\/ul>\r\n<ul>\r\n<ul>\r\n<ul>\r\n \t<li>Contenido, estructura y desarrollo de la exposici\u00f3n,<\/li>\r\n \t<li>Realizaci\u00f3n de transparencias (esquem\u00e1ticas y visuales)<\/li>\r\n \t<li>Ejemplos pr\u00e1cticos o cuadros y gr\u00e1ficos con datos actualizados.<\/li>\r\n \t<li>Forma de Exponer y Respuestas<\/li>\r\n<\/ul>\r\n<\/ul>\r\n \t<li>Presentaci\u00f3n utilizando el <em>power point .<\/em><u>Enviar por correo electr\u00f3nico la presentaci\u00f3n <\/u><strong>(Moodle).<\/strong> Hasta que el trabajo no se haya subido a moodle no se tendr\u00e1 en cuenta su nota para la calificaci\u00f3n final.<\/li>\r\n<\/ul>\r\n<strong>\u00a0<\/strong><u>Contenido de la Exposici\u00f3n: <\/u>\u00cdndice, Desarrollo ,Conclusiones, Bibliograf\u00eda\r\n\r\n&nbsp;<\/td>\r\n<\/tr>\r\n<tr>\r\n<td colspan=\"2\" width=\"898\"><strong><u>TEMAS POSIBLES (Se puede escoger otro tema, previa consulta a la profesora):<\/u><\/strong>\r\n\r\n<strong>\u00a0<\/strong><\/td>\r\n<\/tr>\r\n<tr>\r\n<td width=\"437\"><strong>SISTEMA BANCARIO<\/strong>:\r\n\r\n&nbsp;\r\n\r\n1.\u00a0\u00a0\u00a0\u00a0\u00a0 Internacionalizaci\u00f3n del banco Santander\r\n\r\n2.\u00a0\u00a0\u00a0\u00a0\u00a0 Internacionalizaci\u00f3n del banco BBVA\r\n\r\n3.\u00a0\u00a0\u00a0\u00a0\u00a0 Microcr\u00e9ditos y Banca Yunus\r\n\r\n4.\u00a0\u00a0\u00a0\u00a0\u00a0 Banca Etica\r\n\r\n5.\u00a0\u00a0\u00a0\u00a0\u00a0 Banco de Espa\u00f1a: historia y funciones\r\n\r\n6.\u00a0\u00a0\u00a0\u00a0\u00a0 Concentraci\u00f3n y constituci\u00f3n de grupos bancarios en Espa\u00f1a hasta 2008\r\n\r\n7.\u00a0\u00a0\u00a0\u00a0\u00a0 Situaci\u00f3n de las Cajas de Ahorro en Espa\u00f1a hasta la crisis de 2008\r\n\r\n8.\u00a0\u00a0\u00a0\u00a0\u00a0 Causas de la Crisis de Cajas de Ahorros en Espa\u00f1a\r\n\r\n9.\u00a0\u00a0\u00a0\u00a0\u00a0 Medidas de reestructuraci\u00f3n del sistema bancario en Espa\u00f1a 2009-2013: Ayudas espa\u00f1olas y europeas\r\n\r\n10.\u00a0\u00a0 Reestructuraci\u00f3n de Liberbank\r\n\r\n11.\u00a0\u00a0 Reestructuraci\u00f3n de Unicaja- Caja Espa\u00f1a y Duero\r\n\r\n12.\u00a0\u00a0 Reestructuraci\u00f3n de Bankia\r\n\r\n13.\u00a0\u00a0 Reestructuraci\u00f3n de Abanca\r\n\r\n14.\u00a0\u00a0 Reestructuraci\u00f3n de Ibercaja\r\n\r\n15.\u00a0\u00a0 Reestructuraci\u00f3n de Caixabank\r\n\r\n16.\u00a0\u00a0 Reestructuraci\u00f3n de CatalunyaCaixa\r\n\r\n17.\u00a0\u00a0 Reestructuraci\u00f3n de Banco Mare Nostrum (BMN)\r\n\r\n18.\u00a0\u00a0 Caja Espa\u00f1a: origen y desarrollo hasta la crisis de 2010\r\n\r\n19.\u00a0\u00a0 SAREB: Banco Malo\r\n\r\n20.\u00a0\u00a0 Origen, desarrollo y situaci\u00f3n actual de las Cooperativas de Cr\u00e9dito en Espa\u00f1a\r\n\r\n21.\u00a0\u00a0 Participaci\u00f3n empresarial de las entidades bancarias\r\n\r\n22.\u00a0\u00a0 Comparativa entre entidades bancarias (ratios de eficiencia, rentabilidad, ROE)\r\n\r\n23.\u00a0\u00a0 Situaci\u00f3n del sistema bancario en Espa\u00f1a en 2015\r\n\r\n<u>\u00a0<\/u><\/td>\r\n<td width=\"461\"><strong>OTROS:<\/strong>\r\n\r\n<strong>\u00a0<\/strong>\r\n\r\n24.\u00a0\u00a0 Dinero virtual y electr\u00f3nico\r\n\r\n25.\u00a0\u00a0 La prima de riesgo en Espa\u00f1a: \u00bfqu\u00e9 es, c\u00f3mo ha evolucionado y por qu\u00e9?\r\n\r\n26.\u00a0\u00a0 Crisis burs\u00e1tiles en Espa\u00f1a\r\n\r\n27.\u00a0\u00a0 Nuevos instrumentos financieros: warrants, ETF\u2019s, CFD\u2019s, Calls, Fra\u2019s, swaps, strips\u2026.\r\n\r\n28.\u00a0\u00a0 Crisis de Deuda Soberana en Espa\u00f1a\r\n\r\n29.\u00a0\u00a0 Crisis de cr\u00e9dito en Espa\u00f1a\r\n\r\n30.\u00a0\u00a0 Burbuja hipotecaria e inmobiliaria en Espa\u00f1a\r\n\r\n31.\u00a0\u00a0 Apertura financiera al exterior de la econom\u00eda espa\u00f1ola (determinantes de la IDE, evoluci\u00f3n, distribuci\u00f3n geogr\u00e1fica)\r\n\r\n32.\u00a0\u00a0 Dificultades de Financiaci\u00f3n para la pymes en Espa\u00f1a\r\n\r\n33.\u00a0\u00a0 Alternativas de Financiaci\u00f3n para las pymes en Espa\u00f1a\r\n\r\n34.\u00a0\u00a0 El negocio del leasing en Espa\u00f1a\r\n\r\n35.\u00a0\u00a0 El negocio del factoring en Espa\u00f1a\r\n\r\n36.\u00a0\u00a0 Evoluci\u00f3n de los Fondos de Inversi\u00f3n en Espa\u00f1a y en Europa y situaci\u00f3n actual\r\n\r\n37.\u00a0\u00a0 Evoluci\u00f3n del Sistema de Pensiones en Espa\u00f1a y en Europa y situaci\u00f3n actual\r\n\r\n38.\u00a0\u00a0 El esc\u00e1ndalo de las preferentes en Espa\u00f1a\r\n\r\n39.\u00a0\u00a0 Esc\u00e1ndalos que han afectado a los supervisores financieros en Espa\u00f1a\r\n\r\n40.\u00a0\u00a0 Situaci\u00f3n y evoluci\u00f3n del Mercado de Deuda P\u00fablica en Espa\u00f1a\r\n\r\n41.\u00a0\u00a0 Situaci\u00f3n y evoluci\u00f3n del Mercado de Renta Fija Privada en Espa\u00f1a\r\n\r\n42.\u00a0\u00a0 Situaci\u00f3n y evoluci\u00f3n del Mercado Burs\u00e1til\r\n\r\n43.\u00a0\u00a0 Crisis Burs\u00e1tiles\r\n\r\n44.\u00a0\u00a0 Hedge funds<\/td>\r\n<\/tr>\r\n<\/tbody>\r\n<\/table>\r\n&nbsp;","protected":false},"excerpt":{"rendered":"<p>MERCADOS, MEDIOS E INSTUTUCIONES FINANCIERAS Presentaci\u00f3n de Trabajos Voluntarios Valoraci\u00f3n : (25% nota final): 20% presentaci\u00f3n en power point 5% valoraci\u00f3n presentaciones de compa\u00f1eros. (entregar al profesor 10 trabajos evaluados). Se entregan al finalizar la sesi\u00f3n de exposiciones (fuera de dicha sesi\u00f3n no se admitir\u00e1n) y la hoja debe de estar rellena sino no se [&hellip;]<\/p>\n","protected":false},"author":45,"featured_media":0,"parent":0,"menu_order":0,"comment_status":"closed","ping_status":"closed","template":"","meta":{"footnotes":""},"class_list":["post-10","page","type-page","status-publish","hentry"],"_links":{"self":[{"href":"https:\/\/ocw.unileon.es\/mercados-medios-e-instituciones-financieras\/wp-json\/wp\/v2\/pages\/10","targetHints":{"allow":["GET"]}}],"collection":[{"href":"https:\/\/ocw.unileon.es\/mercados-medios-e-instituciones-financieras\/wp-json\/wp\/v2\/pages"}],"about":[{"href":"https:\/\/ocw.unileon.es\/mercados-medios-e-instituciones-financieras\/wp-json\/wp\/v2\/types\/page"}],"author":[{"embeddable":true,"href":"https:\/\/ocw.unileon.es\/mercados-medios-e-instituciones-financieras\/wp-json\/wp\/v2\/users\/45"}],"replies":[{"embeddable":true,"href":"https:\/\/ocw.unileon.es\/mercados-medios-e-instituciones-financieras\/wp-json\/wp\/v2\/comments?post=10"}],"version-history":[{"count":1,"href":"https:\/\/ocw.unileon.es\/mercados-medios-e-instituciones-financieras\/wp-json\/wp\/v2\/pages\/10\/revisions"}],"predecessor-version":[{"id":44,"href":"https:\/\/ocw.unileon.es\/mercados-medios-e-instituciones-financieras\/wp-json\/wp\/v2\/pages\/10\/revisions\/44"}],"wp:attachment":[{"href":"https:\/\/ocw.unileon.es\/mercados-medios-e-instituciones-financieras\/wp-json\/wp\/v2\/media?parent=10"}],"curies":[{"name":"wp","href":"https:\/\/api.w.org\/{rel}","templated":true}]}}