{"id":12,"date":"2013-02-04T11:36:19","date_gmt":"2013-02-04T11:36:19","guid":{"rendered":"https:\/\/ocw.unileon.es\/asignatura\/?page_id=12"},"modified":"2016-06-13T11:45:53","modified_gmt":"2016-06-13T11:45:53","slug":"pruebas-de-evaluacion","status":"publish","type":"page","link":"https:\/\/ocw.unileon.es\/mercados-medios-e-instituciones-financieras\/pruebas-de-evaluacion\/","title":{"rendered":"Pruebas de evaluaci\u00f3n"},"content":{"rendered":"<strong><u>Convocatoria Ordinaria <\/u><\/strong>\r\n\r\n<strong><u>1.- EXAMENES (5 puntos):\u00a0 <\/u><\/strong>\r\n\r\no\u00a0\u00a0 2 Ex\u00e1menes a lo largo del curso.\u00a0 <strong>50% nota final: <\/strong>Se deber\u00e1 <u>aprobar con un 2.5<\/u> para sumarse al resto de calificaciones de la evaluaci\u00f3n continua. <u>Si no se aprueba el examen no se tendr\u00e1 en cuenta el resto de notas<\/u>.\r\n\r\n<strong><u>2.- EVALUACI\u00d3N CONTINUA (50%):<\/u><\/strong> <strong>5<u> puntos: <\/u><\/strong>\r\n\r\n<strong>2.a.-Exposici\u00f3n de trabajos: (2.5 puntos)<\/strong>\r\n\r\no\u00a0\u00a0 <em>Temas posibles<\/em> en hoja aparte.\u00a0 <em>Presentaci\u00f3n oral<\/em>. S\u00f3lo subir presentaci\u00f3n en moodle (transparencias y bibliograf\u00eda) antes o inmediatamente despu\u00e9s de realizar la exposici\u00f3n (para valorarla).\u00a0\u00a0 <em>Presentaci\u00f3n Colectiva<\/em>: <u>3 personas por grupo<\/u>.\u00a0Tienen que hablar todos los componentes del grupo. A continuaci\u00f3n se abre un turno de preguntas en los que participan el resto de los alumnos y la profesora.\r\n\r\no Se valora <strong>presentaci\u00f3n\u00a0 (2)<\/strong> y <strong>valoraci\u00f3n de otras 10 exposiciones (0,5). <\/strong>Se entregar\u00e1n \u00a0cada d\u00eda de exposiciones (fuera de clase no se admitir\u00e1n). Cada valoraci\u00f3n debe incluir un resumen de la presentaci\u00f3n.\r\n\r\n<strong>2.b.-Actividades voluntarias: (1,5 puntos):\u00a0<\/strong>\u00a0 Se realizar\u00e1n en el aula, o quedar\u00e1n colgadas en moodle, actividades que, VOLUNTARIAMENTE, puede realizar el alumno.\r\n\r\n<strong><u>2.c.-<\/u>Participaci\u00f3n y actitud en clase:<\/strong> positiva (<strong>1 punto<\/strong> sobre 10).\u00a0 Se valora participaci\u00f3n positiva (preguntas, actividades en clase, estar atento\u2026).\u00a0 La valoraci\u00f3n\u00a0 de ese punto pasa por el respeto al profesor y a los compa\u00f1eros.\r\n\r\n<strong><u>Convocatoria Extraordinaria: <\/u><\/strong><strong><u>1 Examen (5 puntos)<\/u><\/strong>\r\n\r\nQue se sumar\u00e1 a lo obtenido durante el curso en la evaluaci\u00f3n continua. La evaluaci\u00f3n continua no se puede recuperar.","protected":false},"excerpt":{"rendered":"<p>Convocatoria Ordinaria 1.- EXAMENES (5 puntos):\u00a0 o\u00a0\u00a0 2 Ex\u00e1menes a lo largo del curso.\u00a0 50% nota final: Se deber\u00e1 aprobar con un 2.5 para sumarse al resto de calificaciones de la evaluaci\u00f3n continua. Si no se aprueba el examen no se tendr\u00e1 en cuenta el resto de notas. 2.- EVALUACI\u00d3N CONTINUA (50%): 5 puntos: 2.a.-Exposici\u00f3n [&hellip;]<\/p>\n","protected":false},"author":45,"featured_media":0,"parent":0,"menu_order":0,"comment_status":"closed","ping_status":"open","template":"","meta":{"footnotes":""},"class_list":["post-12","page","type-page","status-publish","hentry"],"_links":{"self":[{"href":"https:\/\/ocw.unileon.es\/mercados-medios-e-instituciones-financieras\/wp-json\/wp\/v2\/pages\/12","targetHints":{"allow":["GET"]}}],"collection":[{"href":"https:\/\/ocw.unileon.es\/mercados-medios-e-instituciones-financieras\/wp-json\/wp\/v2\/pages"}],"about":[{"href":"https:\/\/ocw.unileon.es\/mercados-medios-e-instituciones-financieras\/wp-json\/wp\/v2\/types\/page"}],"author":[{"embeddable":true,"href":"https:\/\/ocw.unileon.es\/mercados-medios-e-instituciones-financieras\/wp-json\/wp\/v2\/users\/45"}],"replies":[{"embeddable":true,"href":"https:\/\/ocw.unileon.es\/mercados-medios-e-instituciones-financieras\/wp-json\/wp\/v2\/comments?post=12"}],"version-history":[{"count":2,"href":"https:\/\/ocw.unileon.es\/mercados-medios-e-instituciones-financieras\/wp-json\/wp\/v2\/pages\/12\/revisions"}],"predecessor-version":[{"id":42,"href":"https:\/\/ocw.unileon.es\/mercados-medios-e-instituciones-financieras\/wp-json\/wp\/v2\/pages\/12\/revisions\/42"}],"wp:attachment":[{"href":"https:\/\/ocw.unileon.es\/mercados-medios-e-instituciones-financieras\/wp-json\/wp\/v2\/media?parent=12"}],"curies":[{"name":"wp","href":"https:\/\/api.w.org\/{rel}","templated":true}]}}