{"id":14,"date":"2013-02-04T11:36:32","date_gmt":"2013-02-04T11:36:32","guid":{"rendered":"https:\/\/ocw.unileon.es\/asignatura\/?page_id=14"},"modified":"2016-06-13T11:38:37","modified_gmt":"2016-06-13T11:38:37","slug":"autores-del-material","status":"publish","type":"page","link":"https:\/\/ocw.unileon.es\/mercados-medios-e-instituciones-financieras\/autores-del-material\/","title":{"rendered":"Autores del material"},"content":{"rendered":"Mar\u00eda-Pilar Sierra Fern\u00e1ndez\r\n\r\n<address style=\"margin: 0px; padding: 0px; border: 0px; vertical-align: baseline; line-height: 1.2em; font-style: normal; color: #442222; font-family: 'Trebuchet MS', Tahoma, sans-serif; font-size: 12.8px; font-variant: normal; font-weight: normal; letter-spacing: normal; orphans: auto; text-align: start; text-indent: 0px; text-transform: none; white-space: normal; widows: 1; word-spacing: 0px; -webkit-text-stroke-width: 0px; background: transparent;\"><em>Profesora Titular de Universidad<\/em><\/address><address style=\"margin: 0px; padding: 0px; border: 0px; vertical-align: baseline; line-height: 1.2em; font-style: normal; color: #442222; font-family: 'Trebuchet MS', Tahoma, sans-serif; font-size: 12.8px; font-variant: normal; font-weight: normal; letter-spacing: normal; orphans: auto; text-align: start; text-indent: 0px; text-transform: none; white-space: normal; widows: 1; word-spacing: 0px; -webkit-text-stroke-width: 0px; background: transparent;\"><em>\u00c1rea de Econom\u00eda Financiera y Contabilidad<\/em><\/address><address style=\"margin: 0px; padding: 0px; border: 0px; vertical-align: baseline; line-height: 1.2em; font-style: normal; color: #442222; font-family: 'Trebuchet MS', Tahoma, sans-serif; font-size: 12.8px; font-variant: normal; font-weight: normal; letter-spacing: normal; orphans: auto; text-align: start; text-indent: 0px; text-transform: none; white-space: normal; widows: 1; word-spacing: 0px; -webkit-text-stroke-width: 0px; background: transparent;\"><em>Departamento de Direcci\u00f3n y Econom\u00eda de la Empresa<\/em><\/address><address style=\"margin: 0px; padding: 0px; border: 0px; vertical-align: baseline; line-height: 1.2em; font-style: normal; color: #442222; font-family: 'Trebuchet MS', Tahoma, sans-serif; font-size: 12.8px; font-variant: normal; font-weight: normal; letter-spacing: normal; orphans: auto; text-align: start; text-indent: 0px; text-transform: none; white-space: normal; widows: 1; word-spacing: 0px; -webkit-text-stroke-width: 0px; background: transparent;\"><em>Facultad Ciencias Econ\u00f3micas y Empresariales<\/em><\/address><address style=\"margin: 0px; padding: 0px; border: 0px; vertical-align: baseline; line-height: 1.2em; font-style: normal; color: #442222; font-family: 'Trebuchet MS', Tahoma, sans-serif; font-size: 12.8px; font-variant: normal; font-weight: normal; letter-spacing: normal; orphans: auto; text-align: start; text-indent: 0px; text-transform: none; white-space: normal; widows: 1; word-spacing: 0px; -webkit-text-stroke-width: 0px; background: transparent;\"><em>Universidad de Le\u00f3n<\/em><\/address>","protected":false},"excerpt":{"rendered":"<p>Mar\u00eda-Pilar Sierra Fern\u00e1ndez Profesora Titular de Universidad\u00c1rea de Econom\u00eda Financiera y ContabilidadDepartamento de Direcci\u00f3n y Econom\u00eda de la EmpresaFacultad Ciencias Econ\u00f3micas y EmpresarialesUniversidad de Le\u00f3n<\/p>\n","protected":false},"author":45,"featured_media":0,"parent":0,"menu_order":0,"comment_status":"closed","ping_status":"open","template":"","meta":{"footnotes":""},"class_list":["post-14","page","type-page","status-publish","hentry"],"_links":{"self":[{"href":"https:\/\/ocw.unileon.es\/mercados-medios-e-instituciones-financieras\/wp-json\/wp\/v2\/pages\/14","targetHints":{"allow":["GET"]}}],"collection":[{"href":"https:\/\/ocw.unileon.es\/mercados-medios-e-instituciones-financieras\/wp-json\/wp\/v2\/pages"}],"about":[{"href":"https:\/\/ocw.unileon.es\/mercados-medios-e-instituciones-financieras\/wp-json\/wp\/v2\/types\/page"}],"author":[{"embeddable":true,"href":"https:\/\/ocw.unileon.es\/mercados-medios-e-instituciones-financieras\/wp-json\/wp\/v2\/users\/45"}],"replies":[{"embeddable":true,"href":"https:\/\/ocw.unileon.es\/mercados-medios-e-instituciones-financieras\/wp-json\/wp\/v2\/comments?post=14"}],"version-history":[{"count":2,"href":"https:\/\/ocw.unileon.es\/mercados-medios-e-instituciones-financieras\/wp-json\/wp\/v2\/pages\/14\/revisions"}],"predecessor-version":[{"id":38,"href":"https:\/\/ocw.unileon.es\/mercados-medios-e-instituciones-financieras\/wp-json\/wp\/v2\/pages\/14\/revisions\/38"}],"wp:attachment":[{"href":"https:\/\/ocw.unileon.es\/mercados-medios-e-instituciones-financieras\/wp-json\/wp\/v2\/media?parent=14"}],"curies":[{"name":"wp","href":"https:\/\/api.w.org\/{rel}","templated":true}]}}