{"id":7,"date":"2013-02-04T11:35:29","date_gmt":"2013-02-04T11:35:29","guid":{"rendered":"https:\/\/ocw.unileon.es\/asignatura\/?page_id=7"},"modified":"2016-06-08T08:31:09","modified_gmt":"2016-06-08T08:31:09","slug":"programa","status":"publish","type":"page","link":"https:\/\/ocw.unileon.es\/mercados-medios-e-instituciones-financieras\/programa\/","title":{"rendered":"Programa"},"content":{"rendered":"<table style=\"width: 640.72px;\">\r\n<tbody>\r\n<tr>\r\n<td style=\"width: 159px;\"><strong>I: INTRODUCCI\u00d3N<\/strong><\/td>\r\n<td style=\"width: 382.72px;\"><strong>Tema 1: Sistemas Financieros: Caracter\u00edsticas Generales<\/strong>\r\n\r\n1.1.- Introducci\u00f3n a la Econom\u00eda y al Sistema Financiero\r\n\r\n1.2.- Definici\u00f3n de Sistema Financiero\r\n\r\n1.3.- Esquema y Componentes del Sistema Financiero\r\n\r\n1.4.- Funciones del Sistema Financiero\r\n\r\n1.5.- Clasificaci\u00f3n de los Sistemas Financieros\r\n\r\n<strong>Tema 2: Estructura y Evoluci\u00f3n del Sistema Financiero en Espa\u00f1a<\/strong> 2.1.- Estructura del Sistema Financiero Espa\u00f1ol 2.2.- Evoluci\u00f3n\r\n\r\n2.3.- Tendencias del Sistema Financiero Espa\u00f1ol<\/td>\r\n<\/tr>\r\n<tr>\r\n<td style=\"width: 159px;\"><strong>II: AUTORIDAD FINANCIERA Y MONETARIA<\/strong><\/td>\r\n<td style=\"width: 382.72px;\"><strong>Tema 3: El Eurosistema y el Banco de Espa\u00f1a<\/strong> 3.1.- Introducci\u00f3n 3.2.- Eurosistema : SEBC y el EURO 3.3.- Banco de Espa\u00f1a: Concepto, Funciones y \u00d3rganos Rectores<\/td>\r\n<\/tr>\r\n<tr>\r\n<td style=\"width: 159px;\"><strong>III.- INTERMEDIARIOS CREDITICIOS<\/strong><\/td>\r\n<td style=\"width: 382.72px;\"><strong>Tema 4: Entidades de Cr\u00e9dito y Dep\u00f3sito (Sistema Bancario)<\/strong> 4.1.- Introducci\u00f3n\r\n\r\n4.2.- Sistema Bancario: Caracter\u00edsticas generales, Negocio Bancario y Fuentes de Financiaci\u00f3n\r\n\r\n4.3.- Sistema Bancario: Clasificaci\u00f3n y Evoluci\u00f3n <strong>Tema 5: Otras Entidades Crediticias<\/strong> 5.1.- Establecimientos Financieros de Cr\u00e9dito y Sociedades de Garant\u00eda Rec\u00edproca 5.2.- Instituto de Cr\u00e9dito Oficial 5.3.- Entidades de Dinero Electr\u00f3nico<\/td>\r\n<\/tr>\r\n<tr>\r\n<td style=\"width: 159px;\"><strong>IV.- ENTIDADES DE SUPERVISI\u00d3N Y MEDIACI\u00d3N EN MERCADOS FINANCIEROS<\/strong><\/td>\r\n<td style=\"width: 382.72px;\"><strong>Tema 6: El Sector de la Inversi\u00f3n en Mercados Financieros<\/strong>\r\n\r\n6.1.- La Comisi\u00f3n Nacional del Mercado de Valores (CNMV): Introducci\u00f3n, funciones y organizaci\u00f3n\r\n\r\n6.2.- Las Empresas de Servicios de Inversi\u00f3n (ESI) y de Asesoramiento Financiero (EAFI)\r\n\r\n6.3.- Las Instituciones de Inversi\u00f3n Colectiva (IIC): Consideraciones generales, fondos y sociedades de inversi\u00f3n<\/td>\r\n<\/tr>\r\n<tr>\r\n<td style=\"width: 159px;\"><strong>V.- <\/strong><strong>ENTIDADES DE SUPERVISI\u00d3N Y MEDIACI\u00d3N EN COBERTURA ACTUARIAL Y FINANCIERA<\/strong>\r\n\r\n<strong>\u00a0<\/strong>\r\n\r\n&nbsp;<\/td>\r\n<td style=\"width: 382.72px;\"><strong>Tema 7: El Sector Asegurador y la Direcci\u00f3n General de Seguros y Fondos de Pensiones<\/strong> (DGSFP) 6.1.- Consideraciones Generales del Sector Asegurador 6.2.- La Direcci\u00f3n General de Seguros y Fondos de Pensiones (DGSFP) <strong>Tema 8: Seguros, Planes y Fondos de Pensiones<\/strong> 7.1.-Previsi\u00f3n de Riesgos 7.2.- Previsi\u00f3n Actuarial: Sector Asegurador privado 7.3.- Previsi\u00f3n Financiera: Fondos y Planes de Pensiones 7.4.- Diferencias y Similitudes entre instrumentos para la jubilaci\u00f3n<\/td>\r\n<\/tr>\r\n<tr>\r\n<td style=\"width: 159px;\"><strong>VI.- MERCADOS FINANCIEROS<\/strong><\/td>\r\n<td style=\"width: 382.72px;\"><strong>Tema 9: Mercados Financieros<\/strong> 11.1.\u00a0\u00a0 Concepto, caracter\u00edsticas y funciones\r\n\r\n11.2.\u00a0\u00a0 Clasificaci\u00f3n de los Mercados Financieros\r\n\r\n11.3.\u00a0\u00a0 Mercados Interbancarios\r\n\r\n11.4.\u00a0\u00a0 Mercados de Deuda P\u00fablica\r\n\r\n11.5.\u00a0\u00a0 Mercados de Deuda Corporativa\r\n\r\n11.6.\u00a0\u00a0 Mercados Burs\u00e1tiles\r\n\r\n11.7.\u00a0 \u00a0Mercados de Derivados\r\n\r\n11.8.\u00a0\u00a0 Mercados de Divisas\r\n\r\n&nbsp;<\/td>\r\n<\/tr>\r\n<\/tbody>\r\n<\/table>\r\n&nbsp;","protected":false},"excerpt":{"rendered":"<p>I: INTRODUCCI\u00d3N Tema 1: Sistemas Financieros: Caracter\u00edsticas Generales 1.1.- Introducci\u00f3n a la Econom\u00eda y al Sistema Financiero 1.2.- Definici\u00f3n de Sistema Financiero 1.3.- Esquema y Componentes del Sistema Financiero 1.4.- Funciones del Sistema Financiero 1.5.- Clasificaci\u00f3n de los Sistemas Financieros Tema 2: Estructura y Evoluci\u00f3n del Sistema Financiero en Espa\u00f1a 2.1.- Estructura del Sistema Financiero [&hellip;]<\/p>\n","protected":false},"author":45,"featured_media":0,"parent":0,"menu_order":0,"comment_status":"closed","ping_status":"closed","template":"","meta":{"footnotes":""},"class_list":["post-7","page","type-page","status-publish","hentry"],"_links":{"self":[{"href":"https:\/\/ocw.unileon.es\/mercados-medios-e-instituciones-financieras\/wp-json\/wp\/v2\/pages\/7","targetHints":{"allow":["GET"]}}],"collection":[{"href":"https:\/\/ocw.unileon.es\/mercados-medios-e-instituciones-financieras\/wp-json\/wp\/v2\/pages"}],"about":[{"href":"https:\/\/ocw.unileon.es\/mercados-medios-e-instituciones-financieras\/wp-json\/wp\/v2\/types\/page"}],"author":[{"embeddable":true,"href":"https:\/\/ocw.unileon.es\/mercados-medios-e-instituciones-financieras\/wp-json\/wp\/v2\/users\/45"}],"replies":[{"embeddable":true,"href":"https:\/\/ocw.unileon.es\/mercados-medios-e-instituciones-financieras\/wp-json\/wp\/v2\/comments?post=7"}],"version-history":[{"count":2,"href":"https:\/\/ocw.unileon.es\/mercados-medios-e-instituciones-financieras\/wp-json\/wp\/v2\/pages\/7\/revisions"}],"predecessor-version":[{"id":34,"href":"https:\/\/ocw.unileon.es\/mercados-medios-e-instituciones-financieras\/wp-json\/wp\/v2\/pages\/7\/revisions\/34"}],"wp:attachment":[{"href":"https:\/\/ocw.unileon.es\/mercados-medios-e-instituciones-financieras\/wp-json\/wp\/v2\/media?parent=7"}],"curies":[{"name":"wp","href":"https:\/\/api.w.org\/{rel}","templated":true}]}}