{"id":5,"date":"2013-02-04T11:35:22","date_gmt":"2013-02-04T11:35:22","guid":{"rendered":"https:\/\/ocw.unileon.es\/asignatura\/?page_id=5"},"modified":"2014-04-01T11:16:22","modified_gmt":"2014-04-01T11:16:22","slug":"presentacion","status":"publish","type":"page","link":"https:\/\/ocw.unileon.es\/organizacion-de-empresas-aeroespaciales\/","title":{"rendered":"Presentaci\u00f3n"},"content":{"rendered":"Bienvenidos al apasionante mundo de la empresa aeroespacial.\r\n\r\nSi est\u00e1s viendo esta p\u00e1gina es porque est\u00e1s interesado en este mundo que puede abarcar empresas variopintas como fabricantes y\/o ensambladores de componentes, constructoras de aviones y sat\u00e9lites, aerol\u00edneas, aeropuertos, organismos aeroespaciales, empresas del espacio, defensa y seguridad, drones &#8230; y por qu\u00e9 no, cualquier cosa relacionadas con la gesti\u00f3n empresarial de un ovni.\r\n\r\nDe una cosa estoy seguro: que no te va a dejar indiferente.\r\n\r\nUn saludo.\u00a0JAM D\u00e1vila","protected":false},"excerpt":{"rendered":"<p>Bienvenidos al apasionante mundo de la empresa aeroespacial. Si est\u00e1s viendo esta p\u00e1gina es porque est\u00e1s interesado en este mundo que puede abarcar empresas variopintas como fabricantes y\/o ensambladores de componentes, constructoras de aviones y sat\u00e9lites, aerol\u00edneas, aeropuertos, organismos aeroespaciales, empresas del espacio, defensa y seguridad, drones &#8230; y por qu\u00e9 no, cualquier cosa relacionadas [&hellip;]<\/p>\n","protected":false},"author":21,"featured_media":0,"parent":0,"menu_order":0,"comment_status":"closed","ping_status":"closed","template":"","meta":{"footnotes":""},"class_list":["post-5","page","type-page","status-publish","hentry"],"_links":{"self":[{"href":"https:\/\/ocw.unileon.es\/organizacion-de-empresas-aeroespaciales\/wp-json\/wp\/v2\/pages\/5","targetHints":{"allow":["GET"]}}],"collection":[{"href":"https:\/\/ocw.unileon.es\/organizacion-de-empresas-aeroespaciales\/wp-json\/wp\/v2\/pages"}],"about":[{"href":"https:\/\/ocw.unileon.es\/organizacion-de-empresas-aeroespaciales\/wp-json\/wp\/v2\/types\/page"}],"author":[{"embeddable":true,"href":"https:\/\/ocw.unileon.es\/organizacion-de-empresas-aeroespaciales\/wp-json\/wp\/v2\/users\/21"}],"replies":[{"embeddable":true,"href":"https:\/\/ocw.unileon.es\/organizacion-de-empresas-aeroespaciales\/wp-json\/wp\/v2\/comments?post=5"}],"version-history":[{"count":1,"href":"https:\/\/ocw.unileon.es\/organizacion-de-empresas-aeroespaciales\/wp-json\/wp\/v2\/pages\/5\/revisions"}],"predecessor-version":[{"id":35,"href":"https:\/\/ocw.unileon.es\/organizacion-de-empresas-aeroespaciales\/wp-json\/wp\/v2\/pages\/5\/revisions\/35"}],"wp:attachment":[{"href":"https:\/\/ocw.unileon.es\/organizacion-de-empresas-aeroespaciales\/wp-json\/wp\/v2\/media?parent=5"}],"curies":[{"name":"wp","href":"https:\/\/api.w.org\/{rel}","templated":true}]}}