{"id":14,"date":"2013-02-04T11:36:32","date_gmt":"2013-02-04T11:36:32","guid":{"rendered":"https:\/\/ocw.unileon.es\/asignatura\/?page_id=14"},"modified":"2013-03-19T08:52:23","modified_gmt":"2013-03-19T08:52:23","slug":"autores-del-material","status":"publish","type":"page","link":"https:\/\/ocw.unileon.es\/organizacion-de-fondos-archivisticos\/autores-del-material\/","title":{"rendered":"Autores del material"},"content":{"rendered":"La autora de los temas es la profesora de archiv\u00edstica de la Universidad de Le\u00f3n, Mar\u00eda del Carmen Rodr\u00edguez L\u00f3pez.","protected":false},"excerpt":{"rendered":"<p>La autora de los temas es la profesora de archiv\u00edstica de la Universidad de Le\u00f3n, Mar\u00eda del Carmen Rodr\u00edguez L\u00f3pez.<\/p>\n","protected":false},"author":20,"featured_media":0,"parent":0,"menu_order":0,"comment_status":"closed","ping_status":"open","template":"","meta":{"footnotes":""},"class_list":["post-14","page","type-page","status-publish","hentry"],"_links":{"self":[{"href":"https:\/\/ocw.unileon.es\/organizacion-de-fondos-archivisticos\/wp-json\/wp\/v2\/pages\/14","targetHints":{"allow":["GET"]}}],"collection":[{"href":"https:\/\/ocw.unileon.es\/organizacion-de-fondos-archivisticos\/wp-json\/wp\/v2\/pages"}],"about":[{"href":"https:\/\/ocw.unileon.es\/organizacion-de-fondos-archivisticos\/wp-json\/wp\/v2\/types\/page"}],"author":[{"embeddable":true,"href":"https:\/\/ocw.unileon.es\/organizacion-de-fondos-archivisticos\/wp-json\/wp\/v2\/users\/20"}],"replies":[{"embeddable":true,"href":"https:\/\/ocw.unileon.es\/organizacion-de-fondos-archivisticos\/wp-json\/wp\/v2\/comments?post=14"}],"version-history":[{"count":2,"href":"https:\/\/ocw.unileon.es\/organizacion-de-fondos-archivisticos\/wp-json\/wp\/v2\/pages\/14\/revisions"}],"predecessor-version":[{"id":33,"href":"https:\/\/ocw.unileon.es\/organizacion-de-fondos-archivisticos\/wp-json\/wp\/v2\/pages\/14\/revisions\/33"}],"wp:attachment":[{"href":"https:\/\/ocw.unileon.es\/organizacion-de-fondos-archivisticos\/wp-json\/wp\/v2\/media?parent=14"}],"curies":[{"name":"wp","href":"https:\/\/api.w.org\/{rel}","templated":true}]}}