{"id":7,"date":"2013-02-04T11:35:29","date_gmt":"2013-02-04T11:35:29","guid":{"rendered":"https:\/\/ocw.unileon.es\/asignatura\/?page_id=7"},"modified":"2014-02-20T11:43:21","modified_gmt":"2014-02-20T11:43:21","slug":"programa","status":"publish","type":"page","link":"https:\/\/ocw.unileon.es\/organizacion-de-fondos-archivisticos\/programa\/","title":{"rendered":"Programa"},"content":{"rendered":"<table style=\"width: 600px;\" cellspacing=\"1\" cellpadding=\"2\">\r\n<tbody>\r\n<tr>\r\n<td valign=\"center\">Bloque I.\u00a0CONCEPTOS FUNDAMENTALES.<\/td>\r\n<td style=\"text-align: justify;\">1. Conceptos previos.\r\n1.1. Caracteres y ciclo vital del documento de archivo.\r\n1.2. Agrupaciones documentales y niveles de organizaci\u00f3n.\r\n2. El archivo.\r\n2.1. Concepto y funciones.\r\n2.2. Tipos\r\n3. La archiv\u00edstica.\r\n3.1. Historia de ciencia y t\u00e9cnica.\r\n3.2. Principios fundamentales de la archiv\u00edstica.<\/td>\r\n<\/tr>\r\n<tr>\r\n<td valign=\"center\">Bloque II. GESTI\u00d3N T\u00c9CNICA DE LOS DOCUMENTOS DE ARCHIVO.<\/td>\r\n<td style=\"text-align: justify;\">4. La gesti\u00f3n integral del archivo.\r\n5. El ingreso de fondos.\r\n5.1. Clases de ingresos ordinarios y extraordinarios\r\n5.2. El procedimiento de la transferencia.\r\n6. La organizaci\u00f3n.\r\n6.1. La clasificaci\u00f3n, sistemas de clasificaci\u00f3n y elaboraci\u00f3n de cuadros de clasificaci\u00f3n.\r\n6.2. La ordenaci\u00f3n de unidades archiv\u00edsticas y de unidades documentales.\r\n6.3. El edificio de archivo\r\n7. Organismos internacionales, nacionales, auton\u00f3micos y locales: proyectos de gesti\u00f3n de los documentos.\r\n8. Identificaci\u00f3n, valoraci\u00f3n y selecci\u00f3n. Comisiones nacionales y auton\u00f3micas de valoraci\u00f3n.\r\n9. La implementaci\u00f3n del Manual de Normas del Centro.<\/td>\r\n<\/tr>\r\n<\/tbody>\r\n<\/table>","protected":false},"excerpt":{"rendered":"<p>Bloque I.\u00a0CONCEPTOS FUNDAMENTALES. 1. Conceptos previos. 1.1. Caracteres y ciclo vital del documento de archivo. 1.2. Agrupaciones documentales y niveles de organizaci\u00f3n. 2. El archivo. 2.1. Concepto y funciones. 2.2. Tipos 3. La archiv\u00edstica. 3.1. Historia de ciencia y t\u00e9cnica. 3.2. Principios fundamentales de la archiv\u00edstica. Bloque II. GESTI\u00d3N T\u00c9CNICA DE LOS DOCUMENTOS DE ARCHIVO. [&hellip;]<\/p>\n","protected":false},"author":20,"featured_media":0,"parent":0,"menu_order":0,"comment_status":"closed","ping_status":"closed","template":"","meta":{"footnotes":""},"class_list":["post-7","page","type-page","status-publish","hentry"],"_links":{"self":[{"href":"https:\/\/ocw.unileon.es\/organizacion-de-fondos-archivisticos\/wp-json\/wp\/v2\/pages\/7","targetHints":{"allow":["GET"]}}],"collection":[{"href":"https:\/\/ocw.unileon.es\/organizacion-de-fondos-archivisticos\/wp-json\/wp\/v2\/pages"}],"about":[{"href":"https:\/\/ocw.unileon.es\/organizacion-de-fondos-archivisticos\/wp-json\/wp\/v2\/types\/page"}],"author":[{"embeddable":true,"href":"https:\/\/ocw.unileon.es\/organizacion-de-fondos-archivisticos\/wp-json\/wp\/v2\/users\/20"}],"replies":[{"embeddable":true,"href":"https:\/\/ocw.unileon.es\/organizacion-de-fondos-archivisticos\/wp-json\/wp\/v2\/comments?post=7"}],"version-history":[{"count":4,"href":"https:\/\/ocw.unileon.es\/organizacion-de-fondos-archivisticos\/wp-json\/wp\/v2\/pages\/7\/revisions"}],"predecessor-version":[{"id":50,"href":"https:\/\/ocw.unileon.es\/organizacion-de-fondos-archivisticos\/wp-json\/wp\/v2\/pages\/7\/revisions\/50"}],"wp:attachment":[{"href":"https:\/\/ocw.unileon.es\/organizacion-de-fondos-archivisticos\/wp-json\/wp\/v2\/media?parent=7"}],"curies":[{"name":"wp","href":"https:\/\/api.w.org\/{rel}","templated":true}]}}