{"id":11,"date":"2013-02-04T11:36:12","date_gmt":"2013-02-04T11:36:12","guid":{"rendered":"https:\/\/ocw.unileon.es\/asignatura\/?page_id=11"},"modified":"2016-02-10T16:34:03","modified_gmt":"2016-02-10T16:34:03","slug":"practicas","status":"publish","type":"page","link":"https:\/\/ocw.unileon.es\/organizacion-escolar\/practicas\/","title":{"rendered":"Pr\u00e1cticas"},"content":{"rendered":"<h2>Elaboraci\u00f3n de un PEI<\/h2>\r\n<h3>Objetivo:\u00a0Elaborar un <a href=\"https:\/\/drive.google.com\/file\/d\/0B4gRNlrebS4gV0kxRzlvQmNtMzQ\/view?usp=sharing\"><em>Proyecto Educativo Institucional (PEI)<\/em><\/a><\/h3>\r\n<h3>Descripci\u00f3n<\/h3>\r\n<p style=\"text-align: justify;\">Elaborad en grupo un Proyecto Educativo Institucional a partir del centro de uno de los componentes del grupo. Gui\u00e1ndose de la Gu\u00eda PEI de la documentaci\u00f3n deber\u00e1n configurar el PEI del centro escolar que so\u00f1ar\u00edan para todo su alumnado.<\/p>\r\n<p style=\"text-align: justify;\">Pueden buscar en internet ejemplos ya elaborados, eligiendo de los mismos aquellas partes que m\u00e1s les gusten para configurar su propio PEI.<\/p>\r\n<p style=\"text-align: justify;\">El grupo configurado para elaborar el PEI debe representar los intereses y necesidades de toda la comunidad educativa. As\u00ed que cada uno de sus componentes ha de repartirse el rol que m\u00e1s adecuado considere que puede defender (alumnado, profesorado, familias, equipo directivo, asociaci\u00f3n vecinal, representante administrativo, etc.) y aportar desde esta visi\u00f3n su enfoque al PEI de tal forma que refleje que, efectivamente, se han tenido en cuenta a todos los sectores involucrados.<\/p>\r\n<p style=\"text-align: justify;\"><a href=\"https:\/\/ocw.unileon.es\/organizacion-escolar\/wp-content\/uploads\/sites\/30\/2013\/02\/4.jpg\" rel=\"attachment wp-att-50\"><img loading=\"lazy\" decoding=\"async\" class=\"size-full wp-image-50 aligncenter\" src=\"https:\/\/ocw.unileon.es\/organizacion-escolar\/wp-content\/uploads\/sites\/30\/2013\/02\/4.jpg\" alt=\"4\" width=\"640\" height=\"734\" srcset=\"https:\/\/ocw.unileon.es\/organizacion-escolar\/wp-content\/uploads\/sites\/30\/2013\/02\/4.jpg 640w, https:\/\/ocw.unileon.es\/organizacion-escolar\/wp-content\/uploads\/sites\/30\/2013\/02\/4-262x300.jpg 262w\" sizes=\"auto, (max-width: 640px) 100vw, 640px\" \/><\/a><\/p>\r\n<p style=\"text-align: center;\"><em>Gu\u00eda para la elaboraci\u00f3n del documento del PEI (Fuente: Ministerio de Educaci\u00f3n, 2012)<\/em><\/p>\r\n<p style=\"text-align: justify;\">La estructura de elaboraci\u00f3n del PEI debe seguir, por tanto, los siguientes pasos, propuestos en la Gu\u00eda PEI:<\/p>\r\n<strong>Crear la identidad institucional (visi\u00f3n, misi\u00f3n, ideario)<\/strong>\r\n\r\n<a href=\"https:\/\/ocw.unileon.es\/organizacion-escolar\/wp-content\/uploads\/sites\/30\/2013\/02\/5.png\" rel=\"attachment wp-att-51\"><img loading=\"lazy\" decoding=\"async\" class=\"wp-image-51 aligncenter\" src=\"https:\/\/ocw.unileon.es\/organizacion-escolar\/wp-content\/uploads\/sites\/30\/2013\/02\/5-300x245.png\" alt=\"5\" width=\"600\" height=\"490\" srcset=\"https:\/\/ocw.unileon.es\/organizacion-escolar\/wp-content\/uploads\/sites\/30\/2013\/02\/5-300x245.png 300w, https:\/\/ocw.unileon.es\/organizacion-escolar\/wp-content\/uploads\/sites\/30\/2013\/02\/5-768x627.png 768w, https:\/\/ocw.unileon.es\/organizacion-escolar\/wp-content\/uploads\/sites\/30\/2013\/02\/5.png 856w\" sizes=\"auto, (max-width: 600px) 100vw, 600px\" \/><\/a>\r\n\r\n<a href=\"https:\/\/ocw.unileon.es\/organizacion-escolar\/wp-content\/uploads\/sites\/30\/2013\/02\/6.jpg\" rel=\"attachment wp-att-52\"><img loading=\"lazy\" decoding=\"async\" class=\"wp-image-52 aligncenter\" src=\"https:\/\/ocw.unileon.es\/organizacion-escolar\/wp-content\/uploads\/sites\/30\/2013\/02\/6-1024x497.jpg\" alt=\"6\" width=\"600\" height=\"291\" srcset=\"https:\/\/ocw.unileon.es\/organizacion-escolar\/wp-content\/uploads\/sites\/30\/2013\/02\/6-1024x497.jpg 1024w, https:\/\/ocw.unileon.es\/organizacion-escolar\/wp-content\/uploads\/sites\/30\/2013\/02\/6-300x146.jpg 300w, https:\/\/ocw.unileon.es\/organizacion-escolar\/wp-content\/uploads\/sites\/30\/2013\/02\/6-768x373.jpg 768w, https:\/\/ocw.unileon.es\/organizacion-escolar\/wp-content\/uploads\/sites\/30\/2013\/02\/6.jpg 1284w\" sizes=\"auto, (max-width: 600px) 100vw, 600px\" \/><\/a>\r\n<p style=\"text-align: center;\"><em>Misi\u00f3n e ideario del PEI (Fuente: Ministerio de Educaci\u00f3n, 2012)<\/em><\/p>\r\n<strong>Autoevaluaci\u00f3n diagn\u00f3stica del centro<\/strong>\r\n\r\n<a href=\"https:\/\/ocw.unileon.es\/organizacion-escolar\/wp-content\/uploads\/sites\/30\/2013\/02\/7.jpg\" rel=\"attachment wp-att-53\"><img loading=\"lazy\" decoding=\"async\" class=\"wp-image-53 aligncenter\" src=\"https:\/\/ocw.unileon.es\/organizacion-escolar\/wp-content\/uploads\/sites\/30\/2013\/02\/7-1024x706.jpg\" alt=\"7\" width=\"605\" height=\"417\" srcset=\"https:\/\/ocw.unileon.es\/organizacion-escolar\/wp-content\/uploads\/sites\/30\/2013\/02\/7-1024x706.jpg 1024w, https:\/\/ocw.unileon.es\/organizacion-escolar\/wp-content\/uploads\/sites\/30\/2013\/02\/7-300x207.jpg 300w, https:\/\/ocw.unileon.es\/organizacion-escolar\/wp-content\/uploads\/sites\/30\/2013\/02\/7-768x529.jpg 768w, https:\/\/ocw.unileon.es\/organizacion-escolar\/wp-content\/uploads\/sites\/30\/2013\/02\/7.jpg 1252w\" sizes=\"auto, (max-width: 605px) 100vw, 605px\" \/><\/a>\r\n<p style=\"text-align: center;\"><em>Pasos para la metodolog\u00eda de autoevaluaci\u00f3n institucional del PEI (Fuente: Ministerio de Educaci\u00f3n, 2012)<\/em><\/p>\r\n<strong>Planificando el cambio para mejorar<\/strong>\r\n\r\n<a href=\"https:\/\/ocw.unileon.es\/organizacion-escolar\/wp-content\/uploads\/sites\/30\/2013\/02\/8.jpg\" rel=\"attachment wp-att-54\"><img loading=\"lazy\" decoding=\"async\" class=\"alignnone size-large wp-image-54\" src=\"https:\/\/ocw.unileon.es\/organizacion-escolar\/wp-content\/uploads\/sites\/30\/2013\/02\/8-1024x652.jpg\" alt=\"8\" width=\"640\" height=\"408\" srcset=\"https:\/\/ocw.unileon.es\/organizacion-escolar\/wp-content\/uploads\/sites\/30\/2013\/02\/8-1024x652.jpg 1024w, https:\/\/ocw.unileon.es\/organizacion-escolar\/wp-content\/uploads\/sites\/30\/2013\/02\/8-300x191.jpg 300w, https:\/\/ocw.unileon.es\/organizacion-escolar\/wp-content\/uploads\/sites\/30\/2013\/02\/8-768x489.jpg 768w, https:\/\/ocw.unileon.es\/organizacion-escolar\/wp-content\/uploads\/sites\/30\/2013\/02\/8.jpg 1103w\" sizes=\"auto, (max-width: 640px) 100vw, 640px\" \/><\/a>\r\n<p style=\"text-align: center;\"><em>Pasos para la metodolog\u00eda de autoevaluaci\u00f3n institucional del PEI (Fuente: Ministerio de Educaci\u00f3n, 2012)<\/em><\/p>","protected":false},"excerpt":{"rendered":"<p>Elaboraci\u00f3n de un PEI Objetivo:\u00a0Elaborar un Proyecto Educativo Institucional (PEI) Descripci\u00f3n Elaborad en grupo un Proyecto Educativo Institucional a partir del centro de uno de los componentes del grupo. Gui\u00e1ndose de la Gu\u00eda PEI de la documentaci\u00f3n deber\u00e1n configurar el PEI del centro escolar que so\u00f1ar\u00edan para todo su alumnado. Pueden buscar en internet ejemplos [&hellip;]<\/p>\n","protected":false},"author":29,"featured_media":0,"parent":0,"menu_order":0,"comment_status":"closed","ping_status":"closed","template":"","meta":{"footnotes":""},"class_list":["post-11","page","type-page","status-publish","hentry"],"_links":{"self":[{"href":"https:\/\/ocw.unileon.es\/organizacion-escolar\/wp-json\/wp\/v2\/pages\/11","targetHints":{"allow":["GET"]}}],"collection":[{"href":"https:\/\/ocw.unileon.es\/organizacion-escolar\/wp-json\/wp\/v2\/pages"}],"about":[{"href":"https:\/\/ocw.unileon.es\/organizacion-escolar\/wp-json\/wp\/v2\/types\/page"}],"author":[{"embeddable":true,"href":"https:\/\/ocw.unileon.es\/organizacion-escolar\/wp-json\/wp\/v2\/users\/29"}],"replies":[{"embeddable":true,"href":"https:\/\/ocw.unileon.es\/organizacion-escolar\/wp-json\/wp\/v2\/comments?post=11"}],"version-history":[{"count":4,"href":"https:\/\/ocw.unileon.es\/organizacion-escolar\/wp-json\/wp\/v2\/pages\/11\/revisions"}],"predecessor-version":[{"id":57,"href":"https:\/\/ocw.unileon.es\/organizacion-escolar\/wp-json\/wp\/v2\/pages\/11\/revisions\/57"}],"wp:attachment":[{"href":"https:\/\/ocw.unileon.es\/organizacion-escolar\/wp-json\/wp\/v2\/media?parent=11"}],"curies":[{"name":"wp","href":"https:\/\/api.w.org\/{rel}","templated":true}]}}