{"id":12,"date":"2013-02-04T11:36:19","date_gmt":"2013-02-04T11:36:19","guid":{"rendered":"https:\/\/ocw.unileon.es\/asignatura\/?page_id=12"},"modified":"2016-02-10T16:09:22","modified_gmt":"2016-02-10T16:09:22","slug":"pruebas-de-evaluacion","status":"publish","type":"page","link":"https:\/\/ocw.unileon.es\/organizacion-escolar\/pruebas-de-evaluacion\/","title":{"rendered":"Pruebas de evaluaci\u00f3n"},"content":{"rendered":"<h2>Test<\/h2>\r\n<a href=\"https:\/\/ocw.unileon.es\/organizacion-escolar\/wp-content\/uploads\/sites\/30\/2013\/02\/3.jpg\" rel=\"attachment wp-att-47\"><img loading=\"lazy\" decoding=\"async\" class=\"size-full wp-image-47 aligncenter\" src=\"https:\/\/ocw.unileon.es\/organizacion-escolar\/wp-content\/uploads\/sites\/30\/2013\/02\/3.jpg\" alt=\"3\" width=\"546\" height=\"803\" srcset=\"https:\/\/ocw.unileon.es\/organizacion-escolar\/wp-content\/uploads\/sites\/30\/2013\/02\/3.jpg 546w, https:\/\/ocw.unileon.es\/organizacion-escolar\/wp-content\/uploads\/sites\/30\/2013\/02\/3-204x300.jpg 204w\" sizes=\"auto, (max-width: 546px) 100vw, 546px\" \/><\/a>\r\n\r\n&nbsp;\r\n<h2>Complete la siguiente frase<\/h2>\r\n<p style=\"text-align: justify;\">La escuela es una instituci\u00f3n __________________ que pretende educar en y para la ____________________; la escuela es una instituci\u00f3n heter\u00f3noma que pretende desarrollar la _____________________________ y de ___________________;<\/p>\r\n<p style=\"text-align: justify;\">la escuela es una instituci\u00f3n que debe educar para ______________________ y a la vez para el mundo de los valores; la escuela es una instituci\u00f3n de reclutamiento _____________________ que pretende educar en la ________________.<\/p>","protected":false},"excerpt":{"rendered":"<p>Test &nbsp; Complete la siguiente frase La escuela es una instituci\u00f3n __________________ que pretende educar en y para la ____________________; la escuela es una instituci\u00f3n heter\u00f3noma que pretende desarrollar la _____________________________ y de ___________________; la escuela es una instituci\u00f3n que debe educar para ______________________ y a la vez para el mundo de los valores; la [&hellip;]<\/p>\n","protected":false},"author":29,"featured_media":0,"parent":0,"menu_order":0,"comment_status":"closed","ping_status":"open","template":"","meta":{"footnotes":""},"class_list":["post-12","page","type-page","status-publish","hentry"],"_links":{"self":[{"href":"https:\/\/ocw.unileon.es\/organizacion-escolar\/wp-json\/wp\/v2\/pages\/12","targetHints":{"allow":["GET"]}}],"collection":[{"href":"https:\/\/ocw.unileon.es\/organizacion-escolar\/wp-json\/wp\/v2\/pages"}],"about":[{"href":"https:\/\/ocw.unileon.es\/organizacion-escolar\/wp-json\/wp\/v2\/types\/page"}],"author":[{"embeddable":true,"href":"https:\/\/ocw.unileon.es\/organizacion-escolar\/wp-json\/wp\/v2\/users\/29"}],"replies":[{"embeddable":true,"href":"https:\/\/ocw.unileon.es\/organizacion-escolar\/wp-json\/wp\/v2\/comments?post=12"}],"version-history":[{"count":2,"href":"https:\/\/ocw.unileon.es\/organizacion-escolar\/wp-json\/wp\/v2\/pages\/12\/revisions"}],"predecessor-version":[{"id":48,"href":"https:\/\/ocw.unileon.es\/organizacion-escolar\/wp-json\/wp\/v2\/pages\/12\/revisions\/48"}],"wp:attachment":[{"href":"https:\/\/ocw.unileon.es\/organizacion-escolar\/wp-json\/wp\/v2\/media?parent=12"}],"curies":[{"name":"wp","href":"https:\/\/api.w.org\/{rel}","templated":true}]}}