{"id":7,"date":"2013-02-04T11:35:29","date_gmt":"2013-02-04T11:35:29","guid":{"rendered":"https:\/\/ocw.unileon.es\/asignatura\/?page_id=7"},"modified":"2016-02-10T13:53:13","modified_gmt":"2016-02-10T13:53:13","slug":"programa","status":"publish","type":"page","link":"https:\/\/ocw.unileon.es\/organizacion-escolar\/programa\/","title":{"rendered":"Programa"},"content":{"rendered":"<table width=\"600\" cellspacing=\"1\" cellpadding=\"2\">\r\n<tbody>\r\n<tr>\r\n<td class=\"Verdana\" valign=\"middle\">Tema 1. EL CONCEPTO DE ORGANIZACI\u00d3N ESCOLAR (introducci\u00f3n).<\/td>\r\n<td class=\"Verdana\">1. Definici\u00f3n de organizaci\u00f3n en general.\r\n2. Caracter\u00edsticas que hacen peculiares y diferentes a las organizaciones escolares de las dem\u00e1s organizaciones.\r\n3. Elementos de an\u00e1lisis de las organizaciones escolares.<\/td>\r\n<\/tr>\r\n<tr class=\"mainfons2\">\r\n<td class=\"Verdana\" valign=\"middle\">Tema 2. LA LEGISLACI\u00d3N ESCOLAR (finalidades).<\/td>\r\n<td class=\"Verdana\">1. Las finalidades de la educaci\u00f3n en la sociedad contempor\u00e1nea.\r\n2. La filosof\u00eda de las reformas educativas.\r\n3. Planteamientos b\u00e1sicos a los que responden las \u00faltimas leyes educativas espa\u00f1olas: LOGSE, LOE, LOMCE. Comparaci\u00f3n y an\u00e1lisis.<\/td>\r\n<\/tr>\r\n<tr>\r\n<td class=\"Verdana\" valign=\"middle\">Tema 3. LOS PLANES INSTITUCIONALES (finalidades) y LAS ESTRUCTURAS DE FUNCIONAMIENTO (estructuras).<\/td>\r\n<td class=\"Verdana\">1. Los documentos elaborados por los centros escolares: caracter\u00edsticas, funciones y finalidad.\r\n2. \u00d3rganos colegiados y unipersonales: funciones.\r\n3. \u00bfC\u00f3mo regular el trabajo en equipo del profesorado?<\/td>\r\n<\/tr>\r\n<tr class=\"mainfons2\">\r\n<td class=\"Verdana\" valign=\"middle\">Tema 4. EL CONFLICTO (sistema relacional).<\/td>\r\n<td class=\"Verdana\">1. C\u00f3mo regular la convivencia en los centros.\r\n2. Estrategias para abordar los conflictos desde una perspectiva educativa.\r\n3. Disrupci\u00f3n y su respuesta educativa: el aula democr\u00e1tica.\r\n4. El acoso escolar y la mediaci\u00f3n.\r\n5. Las escuelas democr\u00e1ticas.<\/td>\r\n<\/tr>\r\n<tr>\r\n<td class=\"Verdana\" valign=\"middle\">Tema 5. COMUNICACI\u00d3N, PARTICIPACI\u00d3N, LIDERAZGO, CLIMA Y CULTURA (sistema relacional).<\/td>\r\n<td class=\"Verdana\">1. Estrategias para potenciar una mejor comunicaci\u00f3n y una mayor participaci\u00f3n.\r\n2. El liderazgo y la direcci\u00f3n en las organizaciones educativas: caracter\u00edsticas.\r\n3. El clima y la cultura: elementos y funciones; su influencia en la din\u00e1mica de los centros educativos.<\/td>\r\n<\/tr>\r\n<\/tbody>\r\n<\/table>","protected":false},"excerpt":{"rendered":"<p>Tema 1. EL CONCEPTO DE ORGANIZACI\u00d3N ESCOLAR (introducci\u00f3n). 1. Definici\u00f3n de organizaci\u00f3n en general. 2. Caracter\u00edsticas que hacen peculiares y diferentes a las organizaciones escolares de las dem\u00e1s organizaciones. 3. Elementos de an\u00e1lisis de las organizaciones escolares. Tema 2. LA LEGISLACI\u00d3N ESCOLAR (finalidades). 1. Las finalidades de la educaci\u00f3n en la sociedad contempor\u00e1nea. 2. La [&hellip;]<\/p>\n","protected":false},"author":29,"featured_media":0,"parent":0,"menu_order":0,"comment_status":"closed","ping_status":"closed","template":"","meta":{"footnotes":""},"class_list":["post-7","page","type-page","status-publish","hentry"],"_links":{"self":[{"href":"https:\/\/ocw.unileon.es\/organizacion-escolar\/wp-json\/wp\/v2\/pages\/7","targetHints":{"allow":["GET"]}}],"collection":[{"href":"https:\/\/ocw.unileon.es\/organizacion-escolar\/wp-json\/wp\/v2\/pages"}],"about":[{"href":"https:\/\/ocw.unileon.es\/organizacion-escolar\/wp-json\/wp\/v2\/types\/page"}],"author":[{"embeddable":true,"href":"https:\/\/ocw.unileon.es\/organizacion-escolar\/wp-json\/wp\/v2\/users\/29"}],"replies":[{"embeddable":true,"href":"https:\/\/ocw.unileon.es\/organizacion-escolar\/wp-json\/wp\/v2\/comments?post=7"}],"version-history":[{"count":3,"href":"https:\/\/ocw.unileon.es\/organizacion-escolar\/wp-json\/wp\/v2\/pages\/7\/revisions"}],"predecessor-version":[{"id":29,"href":"https:\/\/ocw.unileon.es\/organizacion-escolar\/wp-json\/wp\/v2\/pages\/7\/revisions\/29"}],"wp:attachment":[{"href":"https:\/\/ocw.unileon.es\/organizacion-escolar\/wp-json\/wp\/v2\/media?parent=7"}],"curies":[{"name":"wp","href":"https:\/\/api.w.org\/{rel}","templated":true}]}}