{"id":9,"date":"2013-02-04T11:35:46","date_gmt":"2013-02-04T11:35:46","guid":{"rendered":"https:\/\/ocw.unileon.es\/asignatura\/?page_id=9"},"modified":"2013-03-26T08:23:30","modified_gmt":"2013-03-26T08:23:30","slug":"material-de-clase","status":"publish","type":"page","link":"https:\/\/ocw.unileon.es\/patologia-medica-y-de-la-nutricion-ii\/material-de-clase\/","title":{"rendered":"Material de clase"},"content":{"rendered":"<strong>Enfermedades m\u00e9dicas del sistema nervioso, enfermedades del comportamiento susceptibles de tratamiento m\u00e9dico y enfermedades m\u00e9dicas del aparato locomotor<\/strong>\r\n<ul>\r\n\t<li>Textos\r\n<ul>\r\n\t<li><a href=\"https:\/\/sites.google.com\/site\/patologiamedicaveterinaria\/home\/neuro_paroxismos\" target=\"_blank\">Convulsiones<\/a>.<\/li>\r\n\t<li><a href=\"https:\/\/sites.google.com\/site\/patologiamedicaveterinaria\/home\/neuro_enfermedades_del_cerebro\" target=\"_blank\">Enfermedades del cerebro<\/a>.<\/li>\r\n\t<li><a href=\"https:\/\/sites.google.com\/site\/patologiamedicaveterinaria\/home\/neuro_ataxia\" target=\"_blank\">Ataxia<\/a>.<\/li>\r\n\t<li><a href=\"https:\/\/sites.google.com\/site\/patologiamedicaveterinaria\/home\/neuro_mielopatias\" target=\"_blank\">Mielopat\u00edas<\/a>.<\/li>\r\n\t<li>\r\n<p style=\"display: inline !important;\"><a href=\"https:\/\/sites.google.com\/site\/patologiamedicaveterinaria\/home\/neuro_snp\" target=\"_blank\">Enfermedades del sistema nervioso perif\u00e9rico y de la placa neuromuscular<\/a>.<\/p>\r\n<\/li>\r\n\t<li>Enfermedades del comportamiento susceptibles de tratamiento m\u00e9dico.<\/li>\r\n\t<li><a href=\"https:\/\/sites.google.com\/site\/patologiamedicaveterinaria\/home\/huesos\" target=\"_blank\">Afecciones m\u00e9dicas de los huesos<\/a>.<\/li>\r\n\t<li><a href=\"https:\/\/sites.google.com\/site\/patologiamedicaveterinaria\/home\/huesos-metab\" target=\"_blank\">Alteraciones metab\u00f3licas de los huesos<\/a>.<\/li>\r\n\t<li><a href=\"https:\/\/sites.google.com\/site\/patologiamedicaveterinaria\/home\/musculos\" target=\"_blank\">Afecciones m\u00e9dicas de los m\u00fasculos<\/a>.<\/li>\r\n\t<li><a href=\"https:\/\/sites.google.com\/site\/patologiamedicaveterinaria\/home\/articulaciones\" target=\"_blank\">Afecciones de las articulaciones y el pie<\/a>.<\/li>\r\n<\/ul>\r\n<\/li>\r\n\t<li><a href=\"https:\/\/pathbrite.com\/portfolio\/P2HGlP0WP\" target=\"_blank\">V\u00eddeos<\/a> (sistema nervioso)<\/li>\r\n\t<li>Presentaciones\r\n<ul>\r\n\t<li><a href=\"http:\/\/prezi.com\/uqhg_qy1n5wr\/ataxia\/\" target=\"_blank\">Ataxia<\/a><\/li>\r\n\t<li><a href=\"http:\/\/prezi.com\/ni2o5xfi6spm\/paresia-plejia\/\" target=\"_blank\">Paresia-plejia<\/a><\/li>\r\n<\/ul>\r\n<\/li>\r\n<\/ul>","protected":false},"excerpt":{"rendered":"<p>Enfermedades m\u00e9dicas del sistema nervioso, enfermedades del comportamiento susceptibles de tratamiento m\u00e9dico y enfermedades m\u00e9dicas del aparato locomotor Textos Convulsiones. Enfermedades del cerebro. Ataxia. Mielopat\u00edas. Enfermedades del sistema nervioso perif\u00e9rico y de la placa neuromuscular. Enfermedades del comportamiento susceptibles de tratamiento m\u00e9dico. Afecciones m\u00e9dicas de los huesos. Alteraciones metab\u00f3licas de los huesos. Afecciones m\u00e9dicas de [&hellip;]<\/p>\n","protected":false},"author":7,"featured_media":0,"parent":0,"menu_order":0,"comment_status":"closed","ping_status":"closed","template":"","meta":{"footnotes":""},"class_list":["post-9","page","type-page","status-publish","hentry"],"_links":{"self":[{"href":"https:\/\/ocw.unileon.es\/patologia-medica-y-de-la-nutricion-ii\/wp-json\/wp\/v2\/pages\/9","targetHints":{"allow":["GET"]}}],"collection":[{"href":"https:\/\/ocw.unileon.es\/patologia-medica-y-de-la-nutricion-ii\/wp-json\/wp\/v2\/pages"}],"about":[{"href":"https:\/\/ocw.unileon.es\/patologia-medica-y-de-la-nutricion-ii\/wp-json\/wp\/v2\/types\/page"}],"author":[{"embeddable":true,"href":"https:\/\/ocw.unileon.es\/patologia-medica-y-de-la-nutricion-ii\/wp-json\/wp\/v2\/users\/7"}],"replies":[{"embeddable":true,"href":"https:\/\/ocw.unileon.es\/patologia-medica-y-de-la-nutricion-ii\/wp-json\/wp\/v2\/comments?post=9"}],"version-history":[{"count":2,"href":"https:\/\/ocw.unileon.es\/patologia-medica-y-de-la-nutricion-ii\/wp-json\/wp\/v2\/pages\/9\/revisions"}],"predecessor-version":[{"id":34,"href":"https:\/\/ocw.unileon.es\/patologia-medica-y-de-la-nutricion-ii\/wp-json\/wp\/v2\/pages\/9\/revisions\/34"}],"wp:attachment":[{"href":"https:\/\/ocw.unileon.es\/patologia-medica-y-de-la-nutricion-ii\/wp-json\/wp\/v2\/media?parent=9"}],"curies":[{"name":"wp","href":"https:\/\/api.w.org\/{rel}","templated":true}]}}