{"id":7,"date":"2013-02-04T11:35:29","date_gmt":"2013-02-04T11:35:29","guid":{"rendered":"https:\/\/ocw.unileon.es\/asignatura\/?page_id=7"},"modified":"2014-02-12T11:04:41","modified_gmt":"2014-02-12T11:04:41","slug":"programa","status":"publish","type":"page","link":"https:\/\/ocw.unileon.es\/teoria-de-la-inversion-financiera\/programa\/","title":{"rendered":"Programa"},"content":{"rendered":"<strong>PARTE I: INTRODUCCI\u00d3N<\/strong>\r\nTema 1: Fundamentos\r\nTema 2: La Liquidez\r\n\r\n<strong>PARTE II: PRINCIPALES POSIBILIDADES DE INVERSI\u00d3N<\/strong>\r\nTema 3: Mercados de Renta Fija\r\nTema 4: Mercados de Renta Variable\r\n\r\n<strong>PARTE III: M\u00c9TODOS DE AN\u00c1LISIS DE LOS PRECIOS<\/strong>\r\nTema 5: El An\u00e1lisis Fundamental\r\nTema 6: El An\u00e1lisis T\u00e9cnico\r\n\r\n<strong>PARTE IV: DERIVADOS<\/strong>\r\nTema 7: Opciones y Futuros\r\nTema 8: Otros Instrumentos\r\n\r\n<strong>PARTE V: GESTI\u00d3N DE CARTERAS<\/strong>\r\nTema 9: Gesti\u00f3n de Carteras","protected":false},"excerpt":{"rendered":"<p>PARTE I: INTRODUCCI\u00d3N Tema 1: Fundamentos Tema 2: La Liquidez PARTE II: PRINCIPALES POSIBILIDADES DE INVERSI\u00d3N Tema 3: Mercados de Renta Fija Tema 4: Mercados de Renta Variable PARTE III: M\u00c9TODOS DE AN\u00c1LISIS DE LOS PRECIOS Tema 5: El An\u00e1lisis Fundamental Tema 6: El An\u00e1lisis T\u00e9cnico PARTE IV: DERIVADOS Tema 7: Opciones y Futuros Tema [&hellip;]<\/p>\n","protected":false},"author":39,"featured_media":0,"parent":0,"menu_order":0,"comment_status":"closed","ping_status":"closed","template":"","meta":{"footnotes":""},"class_list":["post-7","page","type-page","status-publish","hentry"],"_links":{"self":[{"href":"https:\/\/ocw.unileon.es\/teoria-de-la-inversion-financiera\/wp-json\/wp\/v2\/pages\/7","targetHints":{"allow":["GET"]}}],"collection":[{"href":"https:\/\/ocw.unileon.es\/teoria-de-la-inversion-financiera\/wp-json\/wp\/v2\/pages"}],"about":[{"href":"https:\/\/ocw.unileon.es\/teoria-de-la-inversion-financiera\/wp-json\/wp\/v2\/types\/page"}],"author":[{"embeddable":true,"href":"https:\/\/ocw.unileon.es\/teoria-de-la-inversion-financiera\/wp-json\/wp\/v2\/users\/39"}],"replies":[{"embeddable":true,"href":"https:\/\/ocw.unileon.es\/teoria-de-la-inversion-financiera\/wp-json\/wp\/v2\/comments?post=7"}],"version-history":[{"count":1,"href":"https:\/\/ocw.unileon.es\/teoria-de-la-inversion-financiera\/wp-json\/wp\/v2\/pages\/7\/revisions"}],"predecessor-version":[{"id":25,"href":"https:\/\/ocw.unileon.es\/teoria-de-la-inversion-financiera\/wp-json\/wp\/v2\/pages\/7\/revisions\/25"}],"wp:attachment":[{"href":"https:\/\/ocw.unileon.es\/teoria-de-la-inversion-financiera\/wp-json\/wp\/v2\/media?parent=7"}],"curies":[{"name":"wp","href":"https:\/\/api.w.org\/{rel}","templated":true}]}}